{"id":1167,"date":"2013-04-05T13:33:38","date_gmt":"2013-04-05T13:33:38","guid":{"rendered":"http:\/\/www.kriesi.at\/themes\/enfold\/?page_id=1167"},"modified":"2024-02-02T09:56:48","modified_gmt":"2024-02-02T08:56:48","slug":"contact","status":"publish","type":"page","link":"https:\/\/ollesskomakeri.se\/index.php\/contact\/","title":{"rendered":"Kontakt"},"content":{"rendered":"<div class=\"flex_column av_one_half  flex_column_div first  avia-builder-el-0  el_before_av_one_half  avia-builder-el-first  \" ><p><div  style='padding-bottom:10px; ' class='av-special-heading av-special-heading-h1  blockquote modern-quote  avia-builder-el-1  el_before_av_hr  avia-builder-el-first  '><h1 class='av-special-heading-tag '  itemprop=\"headline\"  >H\u00e4r finns Olles skomakeri<\/h1><div class='special-heading-border'><div class='special-heading-inner-border' ><\/div><\/div><\/div><br \/>\n<div   class='hr hr-default   avia-builder-el-2  el_after_av_heading  el_before_av_textblock '><span class='hr-inner ' ><span class='hr-inner-style'><\/span><\/span><\/div><br \/>\n<section class=\"av_textblock_section \"  itemscope=\"itemscope\" itemtype=\"https:\/\/schema.org\/CreativeWork\" ><div class='avia_textblock  '   itemprop=\"text\" ><h3 class=\"widgettitle\">Hitta hit<\/h3>\n<div class=\"textwidget\">\n<p><strong>Olles skomakeri<\/strong><br \/>\n<strong>S\u00f6dra Esplanaden 11<br \/>\n223 54 Lund<\/strong><\/p>\n<p><strong>H\u00f6rnet S\u00f6dra Esplanaden \/ Prennegatan<\/strong><\/p>\n<h3 class=\"widgettitle\">SKICKA MAIL<\/h3>\n<p><strong>bengtskomakare@gmail.com<\/strong><\/p>\n<\/div>\n<h3 class=\"widgettitle\">RINGA<\/h3>\n<h3 class=\"widgettitle\"><strong>070- 663 30 30<\/strong><\/h3>\n<\/div><\/section><\/p><\/div><div class=\"flex_column av_one_half  flex_column_div av-zero-column-padding   avia-builder-el-4  el_after_av_one_half  avia-builder-el-last  \" style='border-radius:0px; '><p><div  class='avia-image-container  av-styling-    avia-builder-el-5  el_before_av_textblock  avia-builder-el-first  avia-align-center '  itemprop=\"image\" itemscope=\"itemscope\" itemtype=\"https:\/\/schema.org\/ImageObject\"  ><div class='avia-image-container-inner'><div class='avia-image-overlay-wrap'><img decoding=\"async\" class='wp-image-3485 avia-img-lazy-loading-not-3485 avia_image' src=\"https:\/\/ollesskomakeri.se\/wp-content\/uploads\/2021\/06\/Olles-skomakeri-I-Lund-lagar-och-saljer-skor-845x684.png\" alt='' title='Olles skomakeri I Lund, lagar och saljer skor' height=\"684\" width=\"845\"  itemprop=\"thumbnailUrl\" srcset=\"https:\/\/ollesskomakeri.se\/wp-content\/uploads\/2021\/06\/Olles-skomakeri-I-Lund-lagar-och-saljer-skor-845x684.png 845w, https:\/\/ollesskomakeri.se\/wp-content\/uploads\/2021\/06\/Olles-skomakeri-I-Lund-lagar-och-saljer-skor-495x400.png 495w\" sizes=\"(max-width: 845px) 100vw, 845px\" \/><\/div><\/div><\/div><br \/>\n<section class=\"av_textblock_section \"  itemscope=\"itemscope\" itemtype=\"https:\/\/schema.org\/CreativeWork\" ><div class='avia_textblock  '   itemprop=\"text\" ><h3 class=\"widgettitle\">\u00d6ppettider<\/h3>\n<p><strong>M\u00e5ndag \u2013 fredag 12-18<\/strong><\/p>\n<p><strong>Speciella dagar, kolla Instagram\/Facebook d\u00e4r skriver jag om eventuella \u00e4ndringar i \u00f6ppettider<\/strong><\/div>\n<\/div><\/section><\/p><\/div><\/p>\n","protected":false},"excerpt":{"rendered":"","protected":false},"author":2,"featured_media":0,"parent":0,"menu_order":0,"comment_status":"open","ping_status":"open","template":"","meta":{"footnotes":""},"class_list":["post-1167","page","type-page","status-publish","hentry"],"_links":{"self":[{"href":"https:\/\/ollesskomakeri.se\/index.php\/wp-json\/wp\/v2\/pages\/1167","targetHints":{"allow":["GET"]}}],"collection":[{"href":"https:\/\/ollesskomakeri.se\/index.php\/wp-json\/wp\/v2\/pages"}],"about":[{"href":"https:\/\/ollesskomakeri.se\/index.php\/wp-json\/wp\/v2\/types\/page"}],"author":[{"embeddable":true,"href":"https:\/\/ollesskomakeri.se\/index.php\/wp-json\/wp\/v2\/users\/2"}],"replies":[{"embeddable":true,"href":"https:\/\/ollesskomakeri.se\/index.php\/wp-json\/wp\/v2\/comments?post=1167"}],"version-history":[{"count":9,"href":"https:\/\/ollesskomakeri.se\/index.php\/wp-json\/wp\/v2\/pages\/1167\/revisions"}],"predecessor-version":[{"id":3652,"href":"https:\/\/ollesskomakeri.se\/index.php\/wp-json\/wp\/v2\/pages\/1167\/revisions\/3652"}],"wp:attachment":[{"href":"https:\/\/ollesskomakeri.se\/index.php\/wp-json\/wp\/v2\/media?parent=1167"}],"curies":[{"name":"wp","href":"https:\/\/api.w.org\/{rel}","templated":true}]}}