{"id":3394,"date":"2021-06-09T14:01:47","date_gmt":"2021-06-09T12:01:47","guid":{"rendered":"https:\/\/ollesskomakeri.se\/?page_id=3394"},"modified":"2021-06-09T15:51:35","modified_gmt":"2021-06-09T13:51:35","slug":"skotselrad","status":"publish","type":"page","link":"https:\/\/ollesskomakeri.se\/index.php\/skotselrad\/","title":{"rendered":"Sk\u00f6tselr\u00e5d"},"content":{"rendered":"<div id='av_section_1'  class='avia-section main_color avia-section-large avia-no-border-styling  avia-full-stretch av-section-color-overlay-active avia-bg-style-scroll  avia-builder-el-0  el_before_av_one_third  avia-builder-el-first   container_wrap sidebar_right' style='background-repeat: no-repeat; background-image: url(https:\/\/ollesskomakeri.se\/wp-content\/uploads\/2021\/06\/putsa-skor-olles-skomakeri.jpg);background-attachment: scroll; background-position: center center;  '  data-section-bg-repeat='stretch'><div class='av-section-color-overlay-wrap'><div class='av-section-color-overlay' style='opacity: 0.4; background-color: #7c5d2f; '><\/div><div class='container' ><main  role=\"main\" itemprop=\"mainContentOfPage\"  class='template-page content  av-content-small alpha units'><div class='post-entry post-entry-type-page post-entry-3394'><div class='entry-content-wrapper clearfix'>\n<div class=\"flex_column av_one_fifth  flex_column_div av-zero-column-padding first  avia-builder-el-1  el_before_av_three_fifth  avia-builder-el-first  \" style='border-radius:0px; '><\/div><div class=\"flex_column av_three_fifth  flex_column_div av-zero-column-padding   avia-builder-el-2  el_after_av_one_fifth  el_before_av_one_fifth  \" style='border-radius:0px; '><div  style='padding-bottom:10px; color:#ffffff;' class='av-special-heading av-special-heading-h1 custom-color-heading blockquote modern-quote  avia-builder-el-3  avia-builder-el-no-sibling  '><h1 class='av-special-heading-tag '  itemprop=\"headline\"  >Sk\u00f6tselr\u00e5d<\/h1><div class ='av-subheading av-subheading_below av_custom_color ' style='font-size:15px;'><p>Vi har ett v\u00e4ldigt stort urval av olika skov\u00e5rdsprodukter och tillbeh\u00f6r och utesluter inte allt f\u00f6r att bara ha en sorts produkt utan vi f\u00f6rs\u00f6ker hitta alla godbitar av olika k\u00e4nda och ok\u00e4nda skov\u00e5rdsm\u00e4rke s\u00e5 som; Saphir, Kiwi, Collonil, Shoeboys, Tip-Top, Springyard med flera.<\/p>\n<\/div><div class='special-heading-border'><div class='special-heading-inner-border' style='border-color:#ffffff'><\/div><\/div><\/div><\/div><div class=\"flex_column av_one_fifth  flex_column_div av-zero-column-padding   avia-builder-el-4  el_after_av_three_fifth  avia-builder-el-last  \" style='border-radius:0px; '><\/div>\n<\/div><\/div><\/main><!-- close content main element --><\/div><\/div><\/div><div id='after_section_1'  class='main_color av_default_container_wrap container_wrap sidebar_right' style=' '  ><div class='container' ><div class='template-page content  av-content-small alpha units'><div class='post-entry post-entry-type-page post-entry-3394'><div class='entry-content-wrapper clearfix'>\n<div class=\"flex_column av_one_third  flex_column_div first  avia-builder-el-5  el_after_av_section  el_before_av_one_third  avia-builder-el-first  \" ><article  class=\"iconbox iconbox_left    avia-builder-el-6  avia-builder-el-no-sibling  \"  itemscope=\"itemscope\" itemtype=\"https:\/\/schema.org\/CreativeWork\" ><div class=\"iconbox_content\"><header class=\"entry-content-header\"><div class=\"iconbox_icon heading-color\" aria-hidden='true' data-av_icon='\ue808' data-av_iconfont='entypo-fontello'  ><\/div><h3 class='iconbox_content_title  '  itemprop=\"headline\"  >Nya skor?<\/h3><\/header><div class='iconbox_content_container  '  itemprop=\"text\"  ><p>Nya skor &#8211; dyra s\u00e5v\u00e4l som billiga &#8211; har tyv\u00e4rr en ben\u00e4genhet att ha d\u00e5liga bottnar. Sommarskor skall helst ha en l\u00e4dersula, den andas \u00e4r smidig och \u00e4r \u00e4ven en liten &#8221;garanti&#8221; f\u00f6r att skon \u00e4r bra f\u00f6r \u00f6vrigt. L\u00e4dersulan \u00e4r dock inte speciellt slitstark, d\u00e4rf\u00f6r brukar vi rekommendera dig att l\u00e5ta oss montera en <strong>tunn och slitstark gummisula<\/strong> p\u00e5 dina skor. Helst innan du slitit h\u00e5l p\u00e5 sulan.<\/p>\n<\/div><\/div><footer class=\"entry-footer\"><\/footer><\/article><\/div>\n<div class=\"flex_column av_one_third  flex_column_div   avia-builder-el-7  el_after_av_one_third  el_before_av_one_third  \" ><article  class=\"iconbox iconbox_left    avia-builder-el-8  avia-builder-el-no-sibling  \"  itemscope=\"itemscope\" itemtype=\"https:\/\/schema.org\/CreativeWork\" ><div class=\"iconbox_content\"><header class=\"entry-content-header\"><div class=\"iconbox_icon heading-color\" aria-hidden='true' data-av_icon='\ue828' data-av_iconfont='entypo-fontello'  ><\/div><h3 class='iconbox_content_title  '  itemprop=\"headline\"  >Tv\u00e4tta och Impregnera<\/h3><\/header><div class='iconbox_content_container  '  itemprop=\"text\"  ><p>Det g\u00e4ller att ha rena skor d\u00e5 smutsen torkar ut dina skor och g\u00f6r dem fula. V\u00e4t skorna och tv\u00e4tta dem med den l\u00e4dertv\u00e5l som finns att k\u00f6pa och som g\u00e5r att anv\u00e4nda b\u00e5de till skinn och mocka. Sk\u00f6lj av skorna och l\u00e5t dem torka minst ett dygn. F\u00f6r att skorna sedan skall klara av v\u00e5rt vinterklimat, m\u00e5ste du behandla skinnet med l\u00e4derfett eller skinnimpregnering. G\u00f6r du det blir skorna inte lika \u00f6mt\u00e5liga mot v\u00e4gsalt och smuts, och beh\u00f6ver inte reng\u00f6ras lika ofta!<\/p>\n<\/div><\/div><footer class=\"entry-footer\"><\/footer><\/article><\/div>\n<div class=\"flex_column av_one_third  flex_column_div   avia-builder-el-9  el_after_av_one_third  el_before_av_section  avia-builder-el-last  \" ><p><article  class=\"iconbox iconbox_left    avia-builder-el-10  el_before_av_textblock  avia-builder-el-first  \"  itemscope=\"itemscope\" itemtype=\"https:\/\/schema.org\/CreativeWork\" ><div class=\"iconbox_content\"><header class=\"entry-content-header\"><div class=\"iconbox_icon heading-color\" aria-hidden='true' data-av_icon='\ue82b' data-av_iconfont='entypo-fontello'  ><\/div><h3 class='iconbox_content_title  '  itemprop=\"headline\"  >Skoglans<\/h3><\/header><div class='iconbox_content_container  '  itemprop=\"text\"  ><p>F\u00f6r att f\u00e5 dina tv\u00e4ttade och impregnerade skor blanka anv\u00e4nder du skokr\u00e4m. Det \u00e4r viktigt att skorna verkligen g\u00f6rs rena f\u00f6rst f\u00f6r annars bakar du bara in smutsen med skokr\u00e4men. Stryk p\u00e5 skokr\u00e4men och l\u00e5t den torka n\u00e5gra minuter, borsta sedan med en skoborste. (Helst en f\u00f6r varje f\u00e4rg). Borsta ganska h\u00e5rt s\u00e5 att du f\u00e5r upp lite v\u00e4rme &#8211; d\u00e5 blir det blankt!<\/p>\n<\/div><\/div><footer class=\"entry-footer\"><\/footer><\/article><br \/>\n<section class=\"av_textblock_section \"  itemscope=\"itemscope\" itemtype=\"https:\/\/schema.org\/CreativeWork\" ><div class='avia_textblock  '   itemprop=\"text\" ><p><strong>Sommar- och vinterf\u00f6rvaring<\/strong><\/p>\n<p>Skor som \u00e4r rena, insmorda och uppsp\u00e4nda med lagom stora skoblock, h\u00e5ller \u2028sig i gott skick. Till st\u00f6vlar finns det speciella st\u00f6velh\u00e4ngare som f\u00f6rhindrar att \u2028Dina st\u00f6vlar ligger och &#8221;skr\u00e4par&#8221; p\u00e5 golvet.<\/p>\n<\/div><\/section><\/p><\/div>\n<\/div><\/div><\/div><!-- close content main div --><\/div><\/div><div id='av_section_2'  class='avia-section footer_color avia-section-large avia-no-shadow  avia-bg-style-scroll  avia-builder-el-12  el_after_av_one_third  avia-builder-el-last   container_wrap sidebar_right' style=' '  ><div class='container' ><div class='template-page content  av-content-small alpha units'><div class='post-entry post-entry-type-page post-entry-3394'><div class='entry-content-wrapper clearfix'>\n<div class=\"flex_column av_one_half  flex_column_div av-zero-column-padding first  avia-builder-el-13  el_before_av_one_half  avia-builder-el-first  \" style='border-radius:0px; '><div  class='avia-gallery  avia-gallery-1 avia_lazyload avia-gallery-animate avia_animate_when_visible  avia-builder-el-14  avia-builder-el-no-sibling '  itemprop=\"image\" itemscope=\"itemscope\" itemtype=\"https:\/\/schema.org\/ImageObject\" ><a class='avia-gallery-big fakeLightbox lightbox avia-gallery-big-crop-thumb ' href=\"https:\/\/ollesskomakeri.se\/wp-content\/uploads\/2021\/06\/skomakeri-i-Lund-773x1030.jpg\" href=\"773\" href=\"1030\" href=\"1\" href=\"https:\/\/ollesskomakeri.se\/wp-content\/uploads\/2021\/06\/skomakeri-i-Lund-773x1030.jpg 773w, https:\/\/ollesskomakeri.se\/wp-content\/uploads\/2021\/06\/skomakeri-i-Lund-225x300.jpg 225w, https:\/\/ollesskomakeri.se\/wp-content\/uploads\/2021\/06\/skomakeri-i-Lund-768x1024.jpg 768w, https:\/\/ollesskomakeri.se\/wp-content\/uploads\/2021\/06\/skomakeri-i-Lund-1152x1536.jpg 1152w, https:\/\/ollesskomakeri.se\/wp-content\/uploads\/2021\/06\/skomakeri-i-Lund-1536x2048.jpg 1536w, https:\/\/ollesskomakeri.se\/wp-content\/uploads\/2021\/06\/skomakeri-i-Lund-1125x1500.jpg 1125w, https:\/\/ollesskomakeri.se\/wp-content\/uploads\/2021\/06\/skomakeri-i-Lund-529x705.jpg 529w, https:\/\/ollesskomakeri.se\/wp-content\/uploads\/2021\/06\/skomakeri-i-Lund-scaled.jpg 1920w\" href=\"(max-width: 773px) 100vw, 773px\"  data-onclick='1' title='skomakeri i Lund' ><span class='avia-gallery-big-inner'  itemprop=\"thumbnailUrl\" ><img decoding=\"async\" class=\"wp-image-3409 avia-img-lazy-loading-not-3409\"  width=\"495\" height=\"400\" src=\"https:\/\/ollesskomakeri.se\/wp-content\/uploads\/2021\/06\/skomakeri-i-Lund-495x400.jpg\" title='skomakeri i Lund' alt='' srcset=\"https:\/\/ollesskomakeri.se\/wp-content\/uploads\/2021\/06\/skomakeri-i-Lund-495x400.jpg 495w, https:\/\/ollesskomakeri.se\/wp-content\/uploads\/2021\/06\/skomakeri-i-Lund-845x684.jpg 845w\" sizes=\"(max-width: 495px) 100vw, 495px\" \/><\/span><\/a><div class='avia-gallery-thumb'> <a href=\"https:\/\/ollesskomakeri.se\/wp-content\/uploads\/2021\/06\/skomakeri-i-Lund-773x1030.jpg\" href=\"773\" href=\"1030\" href=\"1\" href=\"https:\/\/ollesskomakeri.se\/wp-content\/uploads\/2021\/06\/skomakeri-i-Lund-773x1030.jpg 773w, https:\/\/ollesskomakeri.se\/wp-content\/uploads\/2021\/06\/skomakeri-i-Lund-225x300.jpg 225w, https:\/\/ollesskomakeri.se\/wp-content\/uploads\/2021\/06\/skomakeri-i-Lund-768x1024.jpg 768w, https:\/\/ollesskomakeri.se\/wp-content\/uploads\/2021\/06\/skomakeri-i-Lund-1152x1536.jpg 1152w, https:\/\/ollesskomakeri.se\/wp-content\/uploads\/2021\/06\/skomakeri-i-Lund-1536x2048.jpg 1536w, https:\/\/ollesskomakeri.se\/wp-content\/uploads\/2021\/06\/skomakeri-i-Lund-1125x1500.jpg 1125w, https:\/\/ollesskomakeri.se\/wp-content\/uploads\/2021\/06\/skomakeri-i-Lund-529x705.jpg 529w, https:\/\/ollesskomakeri.se\/wp-content\/uploads\/2021\/06\/skomakeri-i-Lund-scaled.jpg 1920w\" href=\"(max-width: 773px) 100vw, 773px\" data-rel='gallery-1' data-prev-img='https:\/\/ollesskomakeri.se\/wp-content\/uploads\/2021\/06\/skomakeri-i-Lund-495x400.jpg' class='first_thumb lightbox ' data-onclick='1' title='skomakeri i Lund'  itemprop=\"thumbnailUrl\"  ><img decoding=\"async\" class=\"wp-image-3409 avia-img-lazy-loading-not-3409\"   src=\"https:\/\/ollesskomakeri.se\/wp-content\/uploads\/2021\/06\/skomakeri-i-Lund-495x400.jpg\" width=\"495\" height=\"400\"  title='skomakeri i Lund' alt='' srcset=\"https:\/\/ollesskomakeri.se\/wp-content\/uploads\/2021\/06\/skomakeri-i-Lund-495x400.jpg 495w, https:\/\/ollesskomakeri.se\/wp-content\/uploads\/2021\/06\/skomakeri-i-Lund-845x684.jpg 845w\" sizes=\"(max-width: 495px) 100vw, 495px\" \/><\/a> <a href=\"https:\/\/ollesskomakeri.se\/wp-content\/uploads\/2021\/06\/IMG_2465-773x1030.jpg\" href=\"773\" href=\"1030\" href=\"1\" href=\"https:\/\/ollesskomakeri.se\/wp-content\/uploads\/2021\/06\/IMG_2465-773x1030.jpg 773w, https:\/\/ollesskomakeri.se\/wp-content\/uploads\/2021\/06\/IMG_2465-225x300.jpg 225w, https:\/\/ollesskomakeri.se\/wp-content\/uploads\/2021\/06\/IMG_2465-768x1024.jpg 768w, https:\/\/ollesskomakeri.se\/wp-content\/uploads\/2021\/06\/IMG_2465-1152x1536.jpg 1152w, https:\/\/ollesskomakeri.se\/wp-content\/uploads\/2021\/06\/IMG_2465-1536x2048.jpg 1536w, https:\/\/ollesskomakeri.se\/wp-content\/uploads\/2021\/06\/IMG_2465-1125x1500.jpg 1125w, https:\/\/ollesskomakeri.se\/wp-content\/uploads\/2021\/06\/IMG_2465-529x705.jpg 529w, https:\/\/ollesskomakeri.se\/wp-content\/uploads\/2021\/06\/IMG_2465-scaled.jpg 1920w\" href=\"(max-width: 773px) 100vw, 773px\" data-rel='gallery-1' data-prev-img='https:\/\/ollesskomakeri.se\/wp-content\/uploads\/2021\/06\/IMG_2465-495x400.jpg' class='lightbox ' data-onclick='2' title='IMG_2465'  itemprop=\"thumbnailUrl\"  ><img decoding=\"async\" class=\"wp-image-3396 avia-img-lazy-loading-not-3396\"   src=\"https:\/\/ollesskomakeri.se\/wp-content\/uploads\/2021\/06\/IMG_2465-495x400.jpg\" width=\"495\" height=\"400\"  title='IMG_2465' alt='' srcset=\"https:\/\/ollesskomakeri.se\/wp-content\/uploads\/2021\/06\/IMG_2465-495x400.jpg 495w, https:\/\/ollesskomakeri.se\/wp-content\/uploads\/2021\/06\/IMG_2465-845x684.jpg 845w\" sizes=\"(max-width: 495px) 100vw, 495px\" \/><\/a> <a href=\"https:\/\/ollesskomakeri.se\/wp-content\/uploads\/2021\/06\/skomakeri-i-lunsd-skovard-1030x799.jpg\" href=\"1030\" href=\"799\" href=\"1\" href=\"https:\/\/ollesskomakeri.se\/wp-content\/uploads\/2021\/06\/skomakeri-i-lunsd-skovard-1030x799.jpg 1030w, https:\/\/ollesskomakeri.se\/wp-content\/uploads\/2021\/06\/skomakeri-i-lunsd-skovard-300x233.jpg 300w, https:\/\/ollesskomakeri.se\/wp-content\/uploads\/2021\/06\/skomakeri-i-lunsd-skovard-768x596.jpg 768w, https:\/\/ollesskomakeri.se\/wp-content\/uploads\/2021\/06\/skomakeri-i-lunsd-skovard-1536x1191.jpg 1536w, https:\/\/ollesskomakeri.se\/wp-content\/uploads\/2021\/06\/skomakeri-i-lunsd-skovard-2048x1588.jpg 2048w, https:\/\/ollesskomakeri.se\/wp-content\/uploads\/2021\/06\/skomakeri-i-lunsd-skovard-1500x1163.jpg 1500w, https:\/\/ollesskomakeri.se\/wp-content\/uploads\/2021\/06\/skomakeri-i-lunsd-skovard-705x547.jpg 705w\" href=\"(max-width: 1030px) 100vw, 1030px\" data-rel='gallery-1' data-prev-img='https:\/\/ollesskomakeri.se\/wp-content\/uploads\/2021\/06\/skomakeri-i-lunsd-skovard-495x400.jpg' class='lightbox ' data-onclick='3' title='skomakeri i lunsd skovard'  itemprop=\"thumbnailUrl\"  ><img decoding=\"async\" class=\"wp-image-3413 avia-img-lazy-loading-not-3413\"   src=\"https:\/\/ollesskomakeri.se\/wp-content\/uploads\/2021\/06\/skomakeri-i-lunsd-skovard-495x400.jpg\" width=\"495\" height=\"400\"  title='skomakeri i lunsd skovard' alt='' srcset=\"https:\/\/ollesskomakeri.se\/wp-content\/uploads\/2021\/06\/skomakeri-i-lunsd-skovard-495x400.jpg 495w, https:\/\/ollesskomakeri.se\/wp-content\/uploads\/2021\/06\/skomakeri-i-lunsd-skovard-845x684.jpg 845w\" sizes=\"(max-width: 495px) 100vw, 495px\" \/><\/a> <a href=\"https:\/\/ollesskomakeri.se\/wp-content\/uploads\/2021\/06\/Lunds-skomakeri-1030x937.jpg\" href=\"1030\" href=\"937\" href=\"1\" href=\"https:\/\/ollesskomakeri.se\/wp-content\/uploads\/2021\/06\/Lunds-skomakeri-1030x937.jpg 1030w, https:\/\/ollesskomakeri.se\/wp-content\/uploads\/2021\/06\/Lunds-skomakeri-300x273.jpg 300w, https:\/\/ollesskomakeri.se\/wp-content\/uploads\/2021\/06\/Lunds-skomakeri-768x699.jpg 768w, https:\/\/ollesskomakeri.se\/wp-content\/uploads\/2021\/06\/Lunds-skomakeri-1536x1397.jpg 1536w, https:\/\/ollesskomakeri.se\/wp-content\/uploads\/2021\/06\/Lunds-skomakeri-2048x1863.jpg 2048w, https:\/\/ollesskomakeri.se\/wp-content\/uploads\/2021\/06\/Lunds-skomakeri-1500x1365.jpg 1500w, https:\/\/ollesskomakeri.se\/wp-content\/uploads\/2021\/06\/Lunds-skomakeri-705x641.jpg 705w\" href=\"(max-width: 1030px) 100vw, 1030px\" data-rel='gallery-1' data-prev-img='https:\/\/ollesskomakeri.se\/wp-content\/uploads\/2021\/06\/Lunds-skomakeri-495x400.jpg' class='lightbox ' data-onclick='4' title='Lunds skomakeri'  itemprop=\"thumbnailUrl\"  ><img decoding=\"async\" class=\"wp-image-3414 avia-img-lazy-loading-not-3414\"   src=\"https:\/\/ollesskomakeri.se\/wp-content\/uploads\/2021\/06\/Lunds-skomakeri-495x400.jpg\" width=\"495\" height=\"400\"  title='Lunds skomakeri' alt='' srcset=\"https:\/\/ollesskomakeri.se\/wp-content\/uploads\/2021\/06\/Lunds-skomakeri-495x400.jpg 495w, https:\/\/ollesskomakeri.se\/wp-content\/uploads\/2021\/06\/Lunds-skomakeri-845x684.jpg 845w\" sizes=\"(max-width: 495px) 100vw, 495px\" \/><\/a><\/div><\/div><\/div><div class=\"flex_column av_one_half  flex_column_div   avia-builder-el-15  el_after_av_one_half  avia-builder-el-last  \" ><section class=\"av_textblock_section \"  itemscope=\"itemscope\" itemtype=\"https:\/\/schema.org\/CreativeWork\" ><div class='avia_textblock  '   itemprop=\"text\" ><h2>Goda r\u00e5d \u00e4r alltid f\u00f6rf\u00e4rligt tr\u00e5kiga! B\u00e5de att l\u00e4sa och f\u00f6lja, men v\u00e4nder man p\u00e5 dem bak- och fram blir de mycket l\u00e4sv\u00e4rda!<\/h2>\n<\/div><\/section><br \/>\n<div   class='hr hr-short hr-left   avia-builder-el-17  el_after_av_textblock  el_before_av_textblock '><span class='hr-inner ' ><span class='hr-inner-style'><\/span><\/span><\/div><br \/>\n<section class=\"av_textblock_section \"  itemscope=\"itemscope\" itemtype=\"https:\/\/schema.org\/CreativeWork\" ><div class='avia_textblock  av_inherit_color '  style='color:#f7f7f7; '  itemprop=\"text\" ><ul>\n<li><strong>G\u00e5 g\u00e4rna med samma skor vareviga dag.<\/strong><br \/>\nD\u00e5 f\u00e5r de aldrig tid att torka. Foder och ovanl\u00e4der brukar d\u00e5 spricka efter en kort tid.<\/li>\n<li><strong>\u00a0Anv\u00e4nd aldrig skohorn.<\/strong><br \/>\nJu mer nertrampade skorna \u00e4r baktill desto l\u00e4ttare kommer du i dem.<\/li>\n<li><strong>Torka skorna n\u00e4ra ett v\u00e4rmeelement.<\/strong><br \/>\nD\u00e5 torkar de s\u00f6nder och l\u00e4dersulorna spricker. D\u00e4r sm\u00f6r sm\u00e4lter br\u00e4nns l\u00e4der.<\/li>\n<li><strong>Stryk g\u00e4rna tjockt med skokr\u00e4m utanp\u00e5 damm och smuts.<\/strong><br \/>\nD\u00e5 bildas en knottrig yta som \u00e4r direkt fr\u00e5nst\u00f6tande att titta p\u00e5.<\/li>\n<li><strong>Anv\u00e4nd finskorna i ur och skur.<\/strong><br \/>\nHar skorna kostat s\u00e5 mycket, ska de banne mig ocks\u00e5 h\u00e5lla.<\/p>\n<p>SLIT OCH SL\u00c4NG OM DU HAR R\u00c5D!<\/li>\n<\/ul>\n<\/div><\/section><br \/>\n<div   class='hr hr-short hr-left   avia-builder-el-19  el_after_av_textblock  avia-builder-el-last '><span class='hr-inner ' ><span class='hr-inner-style'><\/span><\/span><\/div><\/p><\/div>\n<\/div><\/div><\/div><!-- close content main div --><\/div><\/div><div id='after_section_2'  class='main_color av_default_container_wrap container_wrap sidebar_right' style=' '  ><div class='container' ><div class='template-page content  av-content-small alpha units'><div class='post-entry post-entry-type-page post-entry-3394'><div class='entry-content-wrapper clearfix'>\n","protected":false},"excerpt":{"rendered":"","protected":false},"author":2,"featured_media":0,"parent":0,"menu_order":0,"comment_status":"closed","ping_status":"closed","template":"","meta":{"footnotes":""},"class_list":["post-3394","page","type-page","status-publish","hentry"],"_links":{"self":[{"href":"https:\/\/ollesskomakeri.se\/index.php\/wp-json\/wp\/v2\/pages\/3394","targetHints":{"allow":["GET"]}}],"collection":[{"href":"https:\/\/ollesskomakeri.se\/index.php\/wp-json\/wp\/v2\/pages"}],"about":[{"href":"https:\/\/ollesskomakeri.se\/index.php\/wp-json\/wp\/v2\/types\/page"}],"author":[{"embeddable":true,"href":"https:\/\/ollesskomakeri.se\/index.php\/wp-json\/wp\/v2\/users\/2"}],"replies":[{"embeddable":true,"href":"https:\/\/ollesskomakeri.se\/index.php\/wp-json\/wp\/v2\/comments?post=3394"}],"version-history":[{"count":11,"href":"https:\/\/ollesskomakeri.se\/index.php\/wp-json\/wp\/v2\/pages\/3394\/revisions"}],"predecessor-version":[{"id":3482,"href":"https:\/\/ollesskomakeri.se\/index.php\/wp-json\/wp\/v2\/pages\/3394\/revisions\/3482"}],"wp:attachment":[{"href":"https:\/\/ollesskomakeri.se\/index.php\/wp-json\/wp\/v2\/media?parent=3394"}],"curies":[{"name":"wp","href":"https:\/\/api.w.org\/{rel}","templated":true}]}}