{"id":3422,"date":"2021-06-09T14:32:46","date_gmt":"2021-06-09T12:32:46","guid":{"rendered":"https:\/\/ollesskomakeri.se\/?page_id=3422"},"modified":"2022-11-25T10:34:06","modified_gmt":"2022-11-25T09:34:06","slug":"3422-2","status":"publish","type":"page","link":"https:\/\/ollesskomakeri.se\/index.php\/3422-2\/","title":{"rendered":"Produkter"},"content":{"rendered":"<div id='av_section_1'  class='avia-section main_color avia-section-small avia-no-shadow  avia-full-stretch avia-bg-style-scroll  avia-builder-el-0  avia-builder-el-no-sibling   container_wrap sidebar_right' style='background-repeat: no-repeat; background-image: url(https:\/\/ollesskomakeri.se\/wp-content\/uploads\/2021\/06\/Crockett-Jones-Olles-skomakeri.jpg);background-attachment: scroll; background-position: center center;  '  data-section-bg-repeat='stretch'><div class='container' ><main  role=\"main\" itemprop=\"mainContentOfPage\"  class='template-page content  av-content-small alpha units'><div class='post-entry post-entry-type-page post-entry-3422'><div class='entry-content-wrapper clearfix'>\n<div class=\"flex_column av_one_fifth  flex_column_div av-zero-column-padding first  avia-builder-el-1  el_before_av_three_fifth  avia-builder-el-first  \" style='border-radius:0px; '><\/div><div class=\"flex_column av_three_fifth  flex_column_div   avia-builder-el-2  el_after_av_one_fifth  el_before_av_one_fifth  \" style='background: rgba(255,255,255,0.43); padding:50px; background-color:rgba(255,255,255,0.43); border-radius:0px; '><p><div  style='height:50px' class='hr hr-invisible   avia-builder-el-3  el_before_av_textblock  avia-builder-el-first '><span class='hr-inner ' ><span class='hr-inner-style'><\/span><\/span><\/div><br \/>\n<section class=\"av_textblock_section \"  itemscope=\"itemscope\" itemtype=\"https:\/\/schema.org\/CreativeWork\" ><div class='avia_textblock  av_inherit_color '  style='color:#422703; '  itemprop=\"text\" ><h2 style=\"text-align: center;\">Hur mycket betyder snygga skor p\u00e5 en skala?<\/h2>\n<h5 p style=\"text-align: center;\">K\u00e4ngorna p\u00e5 bilden \u00e4r de som James Bond (Daniel Craig) har i den senaste filmen <em>No time to die<\/em>.<\/p>\n<p style=\"text-align: center;\">Vi \u00e4r stolta \u00e5terf\u00f6rs\u00e4ljare f\u00f6r n\u00e5gra av v\u00e4rldens starkaste varum\u00e4rken i v\u00e5r bransch.<\/p>\n<p style=\"text-align: center;\">Vi har bl. a. Crockett &amp; Jones, ett exklusivt och v\u00e4rldsledande m\u00e4rke av engelska randsydda skor f\u00f6r kvalitetsmedvetna. Vi har \u00e4ven Crockett &amp; Jones alla tillbeh\u00f6r och b\u00e4lte mm. L\u00e4s mer i meny produkter ovan f\u00f6r att ta del av hela v\u00e5rt sortiment.<\/h5 p>\n<\/div><\/section><br \/>\n<div   data-autoplay='false'  data-interval='5'  data-animation='slide'  class='avia-logo-element-container av-border-deactivate avia-logo-grid avia-content-slider avia-smallarrow-slider avia-content-grid-active noHover avia-content-slider1 avia-content-slider-odd  avia-builder-el-5  el_after_av_textblock  el_before_av_buttonrow  ' ><div class='avia-smallarrow-slider-heading  no-logo-slider-heading '><div class='new-special-heading'>&nbsp;<\/div><\/div><div class='avia-content-slider-inner'><div class='slide-entry-wrap' ><div  class='slide-entry flex_column no_margin post-entry slide-entry-overview slide-loop-1 slide-parity-odd  av_one_third first real-thumbnail'><img decoding=\"async\" width=\"187\" height=\"127\" src=\"https:\/\/ollesskomakeri.se\/wp-content\/uploads\/2021\/06\/Olles-skomakeri-produkter7.png\" class=\"wp-image-3339 avia-img-lazy-loading-not-3339 attachment-portfolio_small size-portfolio_small\" alt=\"\" \/><\/div><div  class='slide-entry flex_column no_margin post-entry slide-entry-overview slide-loop-2 slide-parity-even  av_one_third  real-thumbnail'><img decoding=\"async\" width=\"187\" height=\"127\" src=\"https:\/\/ollesskomakeri.se\/wp-content\/uploads\/2021\/06\/Olles-skomakeri-produkter6.png\" class=\"wp-image-3340 avia-img-lazy-loading-not-3340 attachment-portfolio_small size-portfolio_small\" alt=\"\" \/><\/div><div  class='slide-entry flex_column no_margin post-entry slide-entry-overview slide-loop-3 slide-parity-odd  av_one_third  real-thumbnail'><img decoding=\"async\" width=\"187\" height=\"127\" src=\"https:\/\/ollesskomakeri.se\/wp-content\/uploads\/2021\/06\/Olles-skomakeri-produkter3.png\" class=\"wp-image-3343 avia-img-lazy-loading-not-3343 attachment-portfolio_small size-portfolio_small\" alt=\"\" \/><\/div><\/div><div class='slide-entry-wrap' ><div  class='slide-entry flex_column no_margin post-entry slide-entry-overview slide-loop-4 slide-parity-odd  av_one_third first real-thumbnail'><img decoding=\"async\" width=\"187\" height=\"127\" src=\"https:\/\/ollesskomakeri.se\/wp-content\/uploads\/2021\/06\/Olles-skomakeri-produkter2.png\" class=\"wp-image-3344 avia-img-lazy-loading-not-3344 attachment-portfolio_small size-portfolio_small\" alt=\"\" \/><\/div><div  class='slide-entry flex_column no_margin post-entry slide-entry-overview slide-loop-5 slide-parity-even  av_one_third  real-thumbnail'><img decoding=\"async\" width=\"187\" height=\"127\" src=\"https:\/\/ollesskomakeri.se\/wp-content\/uploads\/2021\/06\/Olles-skomakeri-produkter.png\" class=\"wp-image-3345 avia-img-lazy-loading-not-3345 attachment-portfolio_small size-portfolio_small\" alt=\"\" \/><\/div><div  class='slide-entry flex_column no_margin post-entry slide-entry-overview slide-loop-6 slide-parity-odd  av_one_third  real-thumbnail'><img decoding=\"async\" width=\"187\" height=\"127\" src=\"https:\/\/ollesskomakeri.se\/wp-content\/uploads\/2021\/06\/arsante.png\" class=\"wp-image-3346 avia-img-lazy-loading-not-3346 attachment-portfolio_small size-portfolio_small\" alt=\"\" \/><\/div><\/div><div class='slide-entry-wrap' ><div  class='slide-entry flex_column no_margin post-entry slide-entry-overview slide-loop-7 slide-parity-odd  post-entry-last  av_one_third first real-thumbnail'><img decoding=\"async\" width=\"187\" height=\"127\" src=\"https:\/\/ollesskomakeri.se\/wp-content\/uploads\/2021\/06\/Olles-skomakeri-produkter5-1.png\" class=\"wp-image-3347 avia-img-lazy-loading-not-3347 attachment-portfolio_small size-portfolio_small\" alt=\"\" \/><\/div><\/div><\/div><\/div><br \/>\n<div  class='avia-buttonrow-wrap avia-buttonrow-center   avia-builder-el-6  el_after_av_partner  avia-builder-el-last '>\n<a href=''  class='avia-button  avia-color-theme-color  avia-icon_select-yes-left-icon avia-size-small '  style='margin-bottom:7px; margin-left:4px; margin-right:4px; ' ><span class='avia_button_icon avia_button_icon_left ' aria-hidden='true' data-av_icon='\ue808' data-av_iconfont='entypo-fontello'><\/span><span class='avia_iconbox_title' >Crockett & Jones<\/span><\/a>\n<a href=''  class='avia-button  avia-color-theme-color  avia-icon_select-yes-left-icon avia-size-small '  style='margin-bottom:7px; margin-left:4px; margin-right:4px; ' ><span class='avia_button_icon avia_button_icon_left ' aria-hidden='true' data-av_icon='\ue808' data-av_iconfont='entypo-fontello'><\/span><span class='avia_iconbox_title' >Paraboot<\/span><\/a>\n<a href=''  class='avia-button  avia-color-theme-color  avia-icon_select-yes-left-icon avia-size-small '  style='margin-bottom:7px; margin-left:4px; margin-right:4px; ' ><span class='avia_button_icon avia_button_icon_left ' aria-hidden='true' data-av_icon='\ue808' data-av_iconfont='entypo-fontello'><\/span><span class='avia_iconbox_title' >Arsante<\/span><\/a>\n<a href=''  class='avia-button  avia-color-theme-color  avia-icon_select-yes-left-icon avia-size-small '  style='margin-bottom:7px; margin-left:4px; margin-right:4px; ' ><span class='avia_button_icon avia_button_icon_left ' aria-hidden='true' data-av_icon='\ue808' data-av_iconfont='entypo-fontello'><\/span><span class='avia_iconbox_title' >Pantherella<\/span><\/a>\n<a href=''  class='avia-button  avia-color-theme-color  avia-icon_select-yes-left-icon avia-size-small '  style='margin-bottom:7px; margin-left:4px; margin-right:4px; ' ><span class='avia_button_icon avia_button_icon_left ' aria-hidden='true' data-av_icon='\ue808' data-av_iconfont='entypo-fontello'><\/span><span class='avia_iconbox_title' >Birkenstock<\/span><\/a>\n<a href=''  class='avia-button  avia-color-theme-color  avia-icon_select-yes-left-icon avia-size-small '  style='margin-bottom:7px; margin-left:4px; margin-right:4px; ' ><span class='avia_button_icon avia_button_icon_left ' aria-hidden='true' data-av_icon='\ue808' data-av_iconfont='entypo-fontello'><\/span><span class='avia_iconbox_title' >Fred&Matt<\/span><\/a>\n<a href=''  class='avia-button  avia-color-theme-color  avia-icon_select-yes-left-icon avia-size-small '  style='margin-bottom:7px; margin-left:4px; margin-right:4px; ' ><span class='avia_button_icon avia_button_icon_left ' aria-hidden='true' data-av_icon='\ue808' data-av_iconfont='entypo-fontello'><\/span><span class='avia_iconbox_title' >Docksta<\/span><\/a>\n<\/div><\/p><\/div><div class=\"flex_column av_one_fifth  flex_column_div av-zero-column-padding   avia-builder-el-7  el_after_av_three_fifth  el_before_av_hr  \" style='border-radius:0px; '><\/div><div  style='height:350px' class='hr hr-invisible   avia-builder-el-8  el_after_av_one_fifth  el_before_av_hr '><span class='hr-inner ' ><span class='hr-inner-style'><\/span><\/span><\/div>\n<div  style='height:250px' class='hr hr-invisible   avia-builder-el-9  el_after_av_hr  avia-builder-el-last '><span class='hr-inner ' ><span class='hr-inner-style'><\/span><\/span><\/div>\n<\/div><\/div><\/main><!-- close content main element --><\/div><\/div><div id='after_section_1'  class='main_color av_default_container_wrap container_wrap sidebar_right' style=' '  ><div class='container' ><div class='template-page content  av-content-small alpha units'><div class='post-entry post-entry-type-page post-entry-3422'><div class='entry-content-wrapper clearfix'>\n","protected":false},"excerpt":{"rendered":"","protected":false},"author":2,"featured_media":0,"parent":0,"menu_order":0,"comment_status":"closed","ping_status":"closed","template":"","meta":{"footnotes":""},"class_list":["post-3422","page","type-page","status-publish","hentry"],"_links":{"self":[{"href":"https:\/\/ollesskomakeri.se\/index.php\/wp-json\/wp\/v2\/pages\/3422","targetHints":{"allow":["GET"]}}],"collection":[{"href":"https:\/\/ollesskomakeri.se\/index.php\/wp-json\/wp\/v2\/pages"}],"about":[{"href":"https:\/\/ollesskomakeri.se\/index.php\/wp-json\/wp\/v2\/types\/page"}],"author":[{"embeddable":true,"href":"https:\/\/ollesskomakeri.se\/index.php\/wp-json\/wp\/v2\/users\/2"}],"replies":[{"embeddable":true,"href":"https:\/\/ollesskomakeri.se\/index.php\/wp-json\/wp\/v2\/comments?post=3422"}],"version-history":[{"count":18,"href":"https:\/\/ollesskomakeri.se\/index.php\/wp-json\/wp\/v2\/pages\/3422\/revisions"}],"predecessor-version":[{"id":3449,"href":"https:\/\/ollesskomakeri.se\/index.php\/wp-json\/wp\/v2\/pages\/3422\/revisions\/3449"}],"wp:attachment":[{"href":"https:\/\/ollesskomakeri.se\/index.php\/wp-json\/wp\/v2\/media?parent=3422"}],"curies":[{"name":"wp","href":"https:\/\/api.w.org\/{rel}","templated":true}]}}