{"id":3496,"date":"2021-06-09T16:41:59","date_gmt":"2021-06-09T14:41:59","guid":{"rendered":"https:\/\/ollesskomakeri.se\/?page_id=3496"},"modified":"2024-11-28T11:22:45","modified_gmt":"2024-11-28T10:22:45","slug":"crockett-jones","status":"publish","type":"page","link":"https:\/\/ollesskomakeri.se\/index.php\/3422-2\/crockett-jones\/","title":{"rendered":"Crockett &#038; Jones"},"content":{"rendered":"<div id='av_section_1'  class='avia-section main_color avia-section-small avia-no-shadow  avia-bg-style-scroll  avia-builder-el-0  el_before_av_section  avia-builder-el-first   container_wrap sidebar_right' style=' '  ><div class='container' ><main  role=\"main\" itemprop=\"mainContentOfPage\"  class='template-page content  av-content-small alpha units'><div class='post-entry post-entry-type-page post-entry-3496'><div class='entry-content-wrapper clearfix'>\n<div class=\"flex_column av_two_fifth  flex_column_div av-zero-column-padding first  avia-builder-el-1  el_before_av_two_fifth  avia-builder-el-first  \" style='border-radius:0px; '><p><div  style='padding-bottom:10px; ' class='av-special-heading av-special-heading-h1  blockquote modern-quote  avia-builder-el-2  el_before_av_textblock  avia-builder-el-first  '><h1 class='av-special-heading-tag '  itemprop=\"headline\"  >Crockett <span class='special_amp'>&amp;<\/span> Jones<\/h1><div class='special-heading-border'><div class='special-heading-inner-border' ><\/div><\/div><\/div><br \/>\n<section class=\"av_textblock_section \"  itemscope=\"itemscope\" itemtype=\"https:\/\/schema.org\/CreativeWork\" ><div class='avia_textblock  '   itemprop=\"text\" ><p id=\"u2098-2\">Skor och accessoarer fr\u00e5n Crockett &amp; Jones i England f\u00f6r damer och herrar<\/p>\n<p>Vi har ett brett sortiment av skor f\u00f6r alla. Kom in i butiken och ta del av v\u00e5rt sortiment och se vilken sko som passar dig.<\/p>\n<p>Vi kan ta hem alla popul\u00e4ra modeller fr\u00e5n Crockett &amp; Jones.<\/p>\n<p><a class=\"nonblock\" href=\"http:\/\/www.crockettandjones.com\">Titta g\u00e4rna p\u00e5 Crockett &amp; Jones hemsida och l\u00e4s mer om deras produkter <\/a><\/p>\n<\/div><\/section><\/p><\/div><div class=\"flex_column av_two_fifth  flex_column_div av-zero-column-padding   avia-builder-el-4  el_after_av_two_fifth  avia-builder-el-last  \" style='border-radius:0px; '><div  class='avia-image-container  av-styling-    avia-builder-el-5  avia-builder-el-no-sibling  avia-align-center '  itemprop=\"image\" itemscope=\"itemscope\" itemtype=\"https:\/\/schema.org\/ImageObject\"  ><div class='avia-image-container-inner'><div class='avia-image-overlay-wrap'><img decoding=\"async\" class='wp-image-3338 avia-img-lazy-loading-not-3338 avia_image' src=\"https:\/\/ollesskomakeri.se\/wp-content\/uploads\/2021\/06\/Crockett_and_Jones_Logotype-300x300.png\" alt='' title='Crockett_and_Jones_Logotype' height=\"300\" width=\"300\"  itemprop=\"thumbnailUrl\" srcset=\"https:\/\/ollesskomakeri.se\/wp-content\/uploads\/2021\/06\/Crockett_and_Jones_Logotype-300x300.png 300w, https:\/\/ollesskomakeri.se\/wp-content\/uploads\/2021\/06\/Crockett_and_Jones_Logotype-80x80.png 80w, https:\/\/ollesskomakeri.se\/wp-content\/uploads\/2021\/06\/Crockett_and_Jones_Logotype-768x768.png 768w, https:\/\/ollesskomakeri.se\/wp-content\/uploads\/2021\/06\/Crockett_and_Jones_Logotype-36x36.png 36w, https:\/\/ollesskomakeri.se\/wp-content\/uploads\/2021\/06\/Crockett_and_Jones_Logotype-180x180.png 180w, https:\/\/ollesskomakeri.se\/wp-content\/uploads\/2021\/06\/Crockett_and_Jones_Logotype-705x705.png 705w, https:\/\/ollesskomakeri.se\/wp-content\/uploads\/2021\/06\/Crockett_and_Jones_Logotype.png 804w\" sizes=\"(max-width: 300px) 100vw, 300px\" \/><\/div><\/div><\/div><\/div><\/div><\/div><\/main><!-- close content main element --><\/div><\/div><div id='av_section_2'  class='avia-section main_color avia-section-small avia-no-shadow  avia-full-stretch av-section-color-overlay-active avia-bg-style-scroll  avia-builder-el-6  el_after_av_section  el_before_av_section   container_wrap sidebar_right' style='background-repeat: no-repeat; background-image: url(https:\/\/ollesskomakeri.se\/wp-content\/uploads\/2021\/06\/olles-skomakeri-sa\u0308ljer-fina-skor-scaled.jpg);background-attachment: scroll; background-position: center center;  '  data-section-bg-repeat='stretch'><div class='av-section-color-overlay-wrap'><div class='av-section-color-overlay' style='opacity: 0.5; background-color: #f2f2f2; '><\/div><div class='container' ><div class='template-page content  av-content-small alpha units'><div class='post-entry post-entry-type-page post-entry-3496'><div class='entry-content-wrapper clearfix'>\n<div  style='height:250px' class='hr hr-invisible   avia-builder-el-7  el_before_av_three_fourth  avia-builder-el-first '><span class='hr-inner ' ><span class='hr-inner-style'><\/span><\/span><\/div>\n<div class=\"flex_column av_three_fourth  flex_column_div av-zero-column-padding first  avia-builder-el-8  el_after_av_hr  el_before_av_hr  \" style='border-radius:0px; '><div  class='avia-gallery  avia-gallery-1 avia_lazyload avia-gallery-animate avia_animate_when_visible  avia-builder-el-9  avia-builder-el-no-sibling '  itemprop=\"image\" itemscope=\"itemscope\" itemtype=\"https:\/\/schema.org\/ImageObject\" ><a class='avia-gallery-big fakeLightbox lightbox avia-gallery-big-crop-thumb ' href=\"https:\/\/ollesskomakeri.se\/wp-content\/uploads\/2021\/06\/olles-skomakeri.-11.28.52.png\" href=\"769\" href=\"578\" href=\"\" href=\"https:\/\/ollesskomakeri.se\/wp-content\/uploads\/2021\/06\/olles-skomakeri.-11.28.52.png 769w, https:\/\/ollesskomakeri.se\/wp-content\/uploads\/2021\/06\/olles-skomakeri.-11.28.52-300x225.png 300w, https:\/\/ollesskomakeri.se\/wp-content\/uploads\/2021\/06\/olles-skomakeri.-11.28.52-705x530.png 705w\" href=\"(max-width: 769px) 100vw, 769px\"  data-onclick='1' title='olles skomakeri. 11.28.52' ><span class='avia-gallery-big-inner'  itemprop=\"thumbnailUrl\" ><img decoding=\"async\" class=\"wp-image-3611 avia-img-lazy-loading-not-3611\"  width=\"769\" height=\"578\" src=\"https:\/\/ollesskomakeri.se\/wp-content\/uploads\/2021\/06\/olles-skomakeri.-11.28.52.png\" title='olles skomakeri. 11.28.52' alt='' srcset=\"https:\/\/ollesskomakeri.se\/wp-content\/uploads\/2021\/06\/olles-skomakeri.-11.28.52.png 769w, https:\/\/ollesskomakeri.se\/wp-content\/uploads\/2021\/06\/olles-skomakeri.-11.28.52-300x225.png 300w, https:\/\/ollesskomakeri.se\/wp-content\/uploads\/2021\/06\/olles-skomakeri.-11.28.52-705x530.png 705w\" sizes=\"(max-width: 769px) 100vw, 769px\" \/><\/span><\/a><div class='avia-gallery-thumb'> <a href=\"https:\/\/ollesskomakeri.se\/wp-content\/uploads\/2021\/06\/olles-skomakeri.-11.28.52.png\" href=\"769\" href=\"578\" href=\"\" href=\"https:\/\/ollesskomakeri.se\/wp-content\/uploads\/2021\/06\/olles-skomakeri.-11.28.52.png 769w, https:\/\/ollesskomakeri.se\/wp-content\/uploads\/2021\/06\/olles-skomakeri.-11.28.52-300x225.png 300w, https:\/\/ollesskomakeri.se\/wp-content\/uploads\/2021\/06\/olles-skomakeri.-11.28.52-705x530.png 705w\" href=\"(max-width: 769px) 100vw, 769px\" data-rel='gallery-1' data-prev-img='https:\/\/ollesskomakeri.se\/wp-content\/uploads\/2021\/06\/olles-skomakeri.-11.28.52.png' class='first_thumb lightbox ' data-onclick='1' title='olles skomakeri. 11.28.52'  itemprop=\"thumbnailUrl\"  ><img decoding=\"async\" class=\"wp-image-3611 avia-img-lazy-loading-not-3611\"   src=\"https:\/\/ollesskomakeri.se\/wp-content\/uploads\/2021\/06\/olles-skomakeri.-11.28.52-495x400.png\" width=\"495\" height=\"400\"  title='olles skomakeri. 11.28.52' alt='' \/><\/a> <a href=\"https:\/\/ollesskomakeri.se\/wp-content\/uploads\/2021\/06\/olles-skomakeri.png\" href=\"773\" href=\"608\" href=\"\" href=\"https:\/\/ollesskomakeri.se\/wp-content\/uploads\/2021\/06\/olles-skomakeri.png 773w, https:\/\/ollesskomakeri.se\/wp-content\/uploads\/2021\/06\/olles-skomakeri-300x236.png 300w, https:\/\/ollesskomakeri.se\/wp-content\/uploads\/2021\/06\/olles-skomakeri-768x604.png 768w, https:\/\/ollesskomakeri.se\/wp-content\/uploads\/2021\/06\/olles-skomakeri-705x555.png 705w\" href=\"(max-width: 773px) 100vw, 773px\" data-rel='gallery-1' data-prev-img='https:\/\/ollesskomakeri.se\/wp-content\/uploads\/2021\/06\/olles-skomakeri.png' class='lightbox ' data-onclick='2' title='olles skomakeri'  itemprop=\"thumbnailUrl\"  ><img decoding=\"async\" class=\"wp-image-3612 avia-img-lazy-loading-not-3612\"   src=\"https:\/\/ollesskomakeri.se\/wp-content\/uploads\/2021\/06\/olles-skomakeri-495x400.png\" width=\"495\" height=\"400\"  title='olles skomakeri' alt='' \/><\/a> <a href=\"https:\/\/ollesskomakeri.se\/wp-content\/uploads\/2021\/06\/olles-skomakeri.-11.27.53.png\" href=\"736\" href=\"515\" href=\"\" href=\"https:\/\/ollesskomakeri.se\/wp-content\/uploads\/2021\/06\/olles-skomakeri.-11.27.53.png 736w, https:\/\/ollesskomakeri.se\/wp-content\/uploads\/2021\/06\/olles-skomakeri.-11.27.53-300x210.png 300w, https:\/\/ollesskomakeri.se\/wp-content\/uploads\/2021\/06\/olles-skomakeri.-11.27.53-705x493.png 705w\" href=\"(max-width: 736px) 100vw, 736px\" data-rel='gallery-1' data-prev-img='https:\/\/ollesskomakeri.se\/wp-content\/uploads\/2021\/06\/olles-skomakeri.-11.27.53.png' class='lightbox ' data-onclick='3' title='olles skomakeri. 11.27.53'  itemprop=\"thumbnailUrl\"  ><img decoding=\"async\" class=\"wp-image-3613 avia-img-lazy-loading-not-3613\"   src=\"https:\/\/ollesskomakeri.se\/wp-content\/uploads\/2021\/06\/olles-skomakeri.-11.27.53-495x400.png\" width=\"495\" height=\"400\"  title='olles skomakeri. 11.27.53' alt='' \/><\/a><\/div><\/div><\/div><div  style='height:250px' class='hr hr-invisible   avia-builder-el-10  el_after_av_three_fourth  el_before_av_hr '><span class='hr-inner ' ><span class='hr-inner-style'><\/span><\/span><\/div>\n<div  style='height:250px' class='hr hr-invisible   avia-builder-el-11  el_after_av_hr  el_before_av_hr '><span class='hr-inner ' ><span class='hr-inner-style'><\/span><\/span><\/div>\n<div  style='height:250px' class='hr hr-invisible   avia-builder-el-12  el_after_av_hr  el_before_av_hr '><span class='hr-inner ' ><span class='hr-inner-style'><\/span><\/span><\/div>\n<div  style='height:250px' class='hr hr-invisible   avia-builder-el-13  el_after_av_hr  avia-builder-el-last '><span class='hr-inner ' ><span class='hr-inner-style'><\/span><\/span><\/div>\n<\/p>\n<\/div><\/div><\/div><!-- close content main div --><\/div><\/div><\/div><div id='av_section_3'  class='avia-section main_color avia-section-small avia-no-shadow  avia-bg-style-scroll  avia-builder-el-14  el_after_av_section  avia-builder-el-last   container_wrap sidebar_right' style='background-color: #d6d6d6;  '  ><div class='container' ><div class='template-page content  av-content-small alpha units'><div class='post-entry post-entry-type-page post-entry-3496'><div class='entry-content-wrapper clearfix'>\n<div  style='height:250px' class='hr hr-invisible   avia-builder-el-15  el_before_av_hr  avia-builder-el-first '><span class='hr-inner ' ><span class='hr-inner-style'><\/span><\/span><\/div>\n<div  style='height:250px' class='hr hr-invisible   avia-builder-el-16  el_after_av_hr  avia-builder-el-last '><span class='hr-inner ' ><span class='hr-inner-style'><\/span><\/span><\/div>\n<\/div><\/div><\/div><!-- close content main div --><\/div><\/div><div id='after_section_3'  class='main_color av_default_container_wrap container_wrap sidebar_right' style=' '  ><div class='container' ><div class='template-page content  av-content-small alpha units'><div class='post-entry post-entry-type-page post-entry-3496'><div class='entry-content-wrapper clearfix'>\n","protected":false},"excerpt":{"rendered":"","protected":false},"author":2,"featured_media":0,"parent":3422,"menu_order":0,"comment_status":"closed","ping_status":"closed","template":"","meta":{"footnotes":""},"class_list":["post-3496","page","type-page","status-publish","hentry"],"_links":{"self":[{"href":"https:\/\/ollesskomakeri.se\/index.php\/wp-json\/wp\/v2\/pages\/3496","targetHints":{"allow":["GET"]}}],"collection":[{"href":"https:\/\/ollesskomakeri.se\/index.php\/wp-json\/wp\/v2\/pages"}],"about":[{"href":"https:\/\/ollesskomakeri.se\/index.php\/wp-json\/wp\/v2\/types\/page"}],"author":[{"embeddable":true,"href":"https:\/\/ollesskomakeri.se\/index.php\/wp-json\/wp\/v2\/users\/2"}],"replies":[{"embeddable":true,"href":"https:\/\/ollesskomakeri.se\/index.php\/wp-json\/wp\/v2\/comments?post=3496"}],"version-history":[{"count":8,"href":"https:\/\/ollesskomakeri.se\/index.php\/wp-json\/wp\/v2\/pages\/3496\/revisions"}],"predecessor-version":[{"id":3671,"href":"https:\/\/ollesskomakeri.se\/index.php\/wp-json\/wp\/v2\/pages\/3496\/revisions\/3671"}],"up":[{"embeddable":true,"href":"https:\/\/ollesskomakeri.se\/index.php\/wp-json\/wp\/v2\/pages\/3422"}],"wp:attachment":[{"href":"https:\/\/ollesskomakeri.se\/index.php\/wp-json\/wp\/v2\/media?parent=3496"}],"curies":[{"name":"wp","href":"https:\/\/api.w.org\/{rel}","templated":true}]}}