{"id":3516,"date":"2021-06-10T09:31:02","date_gmt":"2021-06-10T07:31:02","guid":{"rendered":"https:\/\/ollesskomakeri.se\/?page_id=3516"},"modified":"2021-06-10T09:35:03","modified_gmt":"2021-06-10T07:35:03","slug":"docksta","status":"publish","type":"page","link":"https:\/\/ollesskomakeri.se\/index.php\/3422-2\/docksta\/","title":{"rendered":"Docksta"},"content":{"rendered":"<div id='av_section_1'  class='avia-section main_color avia-section-small avia-no-shadow  avia-bg-style-scroll  avia-builder-el-0  el_before_av_section  avia-builder-el-first   container_wrap sidebar_right' style=' '  ><div class='container' ><main  role=\"main\" itemprop=\"mainContentOfPage\"  class='template-page content  av-content-small alpha units'><div class='post-entry post-entry-type-page post-entry-3516'><div class='entry-content-wrapper clearfix'>\n<div class=\"flex_column av_two_fifth  flex_column_div av-zero-column-padding first  avia-builder-el-1  el_before_av_two_fifth  avia-builder-el-first  \" style='border-radius:0px; '><p><div  style='padding-bottom:10px; ' class='av-special-heading av-special-heading-h1  blockquote modern-quote  avia-builder-el-2  el_before_av_textblock  avia-builder-el-first  '><h1 class='av-special-heading-tag '  itemprop=\"headline\"  >DOCKSTA<\/h1><div class='special-heading-border'><div class='special-heading-inner-border' ><\/div><\/div><\/div><br \/>\n<section class=\"av_textblock_section \"  itemscope=\"itemscope\" itemtype=\"https:\/\/schema.org\/CreativeWork\" ><div class='avia_textblock  '   itemprop=\"text\" ><p>Nu s\u00e4ljer vi Brogues fr\u00e5n Docksta skofabrik i V\u00e4sternorrland. Brogues \u00e4r framtagen tillsammans med Mats Theselius, en av Sveriges skickligaste formgivare. Modellen \u00e4r tillverkad p\u00e5 samma traditionella s\u00e4tt f\u00f6r hand i Docksta, av utvalda material och med samma goda kvalitet som m\u00e4rkena Patrik och Gunilla. Kom in i butiken och prova!<\/p>\n<p><a class=\"nonblock\" href=\"http:\/\/dockstasko.com\">Hitta inspiration p\u00e5 Dockstas hemsida h\u00e4r <\/a><\/p>\n<\/div><\/section><\/p><\/div><div class=\"flex_column av_two_fifth  flex_column_div av-zero-column-padding   avia-builder-el-4  el_after_av_two_fifth  avia-builder-el-last  \" style='border-radius:0px; '><div  class='avia-image-container  av-styling-    avia-builder-el-5  avia-builder-el-no-sibling  avia-align-center '  itemprop=\"image\" itemscope=\"itemscope\" itemtype=\"https:\/\/schema.org\/ImageObject\"  ><div class='avia-image-container-inner'><div class='avia-image-overlay-wrap'><img decoding=\"async\" class='wp-image-3517 avia-img-lazy-loading-not-3517 avia_image' src=\"https:\/\/ollesskomakeri.se\/wp-content\/uploads\/2021\/06\/docksta-logo.jpg\" alt='' title='docksta-logo' height=\"177\" width=\"424\"  itemprop=\"thumbnailUrl\" srcset=\"https:\/\/ollesskomakeri.se\/wp-content\/uploads\/2021\/06\/docksta-logo.jpg 424w, https:\/\/ollesskomakeri.se\/wp-content\/uploads\/2021\/06\/docksta-logo-300x125.jpg 300w\" sizes=\"(max-width: 424px) 100vw, 424px\" \/><\/div><\/div><\/div><\/div><\/div><\/div><\/main><!-- close content main element --><\/div><\/div><div id='av_section_2'  class='avia-section main_color avia-section-small avia-no-shadow  avia-bg-style-scroll  avia-builder-el-6  el_after_av_section  avia-builder-el-last   container_wrap sidebar_right' style='background-color: #e5dacc;  '  ><div class='container' ><div class='template-page content  av-content-small alpha units'><div class='post-entry post-entry-type-page post-entry-3516'><div class='entry-content-wrapper clearfix'>\n<div class=\"flex_column av_two_third  flex_column_div av-zero-column-padding   avia-builder-el-7  avia-builder-el-no-sibling  \" style='border-radius:0px; '><div  class='avia-gallery  avia-gallery-1 avia_lazyload avia-gallery-animate avia_animate_when_visible  avia-builder-el-8  avia-builder-el-no-sibling '  itemprop=\"image\" itemscope=\"itemscope\" itemtype=\"https:\/\/schema.org\/ImageObject\" ><a class='avia-gallery-big fakeLightbox lightbox avia-gallery-big-crop-thumb ' href=\"https:\/\/ollesskomakeri.se\/wp-content\/uploads\/2021\/06\/970694_brogues_brun_veg_37_v2_29931560.png\" href=\"530\" href=\"450\" href=\"\" href=\"https:\/\/ollesskomakeri.se\/wp-content\/uploads\/2021\/06\/970694_brogues_brun_veg_37_v2_29931560.png 530w, https:\/\/ollesskomakeri.se\/wp-content\/uploads\/2021\/06\/970694_brogues_brun_veg_37_v2_29931560-300x255.png 300w\" href=\"(max-width: 530px) 100vw, 530px\"  data-onclick='1' title='970694_brogues_brun_veg_37_v2_29931560' ><span class='avia-gallery-big-inner'  itemprop=\"thumbnailUrl\" ><img decoding=\"async\" class=\"wp-image-3520 avia-img-lazy-loading-not-3520\"  width=\"495\" height=\"400\" src=\"https:\/\/ollesskomakeri.se\/wp-content\/uploads\/2021\/06\/970694_brogues_brun_veg_37_v2_29931560-495x400.png\" title='970694_brogues_brun_veg_37_v2_29931560' alt='' \/><\/span><\/a><div class='avia-gallery-thumb'> <a href=\"https:\/\/ollesskomakeri.se\/wp-content\/uploads\/2021\/06\/970694_brogues_brun_veg_37_v2_29931560.png\" href=\"530\" href=\"450\" href=\"\" href=\"https:\/\/ollesskomakeri.se\/wp-content\/uploads\/2021\/06\/970694_brogues_brun_veg_37_v2_29931560.png 530w, https:\/\/ollesskomakeri.se\/wp-content\/uploads\/2021\/06\/970694_brogues_brun_veg_37_v2_29931560-300x255.png 300w\" href=\"(max-width: 530px) 100vw, 530px\" data-rel='gallery-1' data-prev-img='https:\/\/ollesskomakeri.se\/wp-content\/uploads\/2021\/06\/970694_brogues_brun_veg_37_v2_29931560-495x400.png' class='first_thumb lightbox ' data-onclick='1' title='970694_brogues_brun_veg_37_v2_29931560'  itemprop=\"thumbnailUrl\"  ><img decoding=\"async\" class=\"wp-image-3520 avia-img-lazy-loading-not-3520\"   src=\"https:\/\/ollesskomakeri.se\/wp-content\/uploads\/2021\/06\/970694_brogues_brun_veg_37_v2_29931560-495x400.png\" width=\"495\" height=\"400\"  title='970694_brogues_brun_veg_37_v2_29931560' alt='' \/><\/a> <a href=\"https:\/\/ollesskomakeri.se\/wp-content\/uploads\/2021\/06\/102694_karlastrid_rosa_v1_ea19051e.png\" href=\"530\" href=\"450\" href=\"\" href=\"https:\/\/ollesskomakeri.se\/wp-content\/uploads\/2021\/06\/102694_karlastrid_rosa_v1_ea19051e.png 530w, https:\/\/ollesskomakeri.se\/wp-content\/uploads\/2021\/06\/102694_karlastrid_rosa_v1_ea19051e-300x255.png 300w\" href=\"(max-width: 530px) 100vw, 530px\" data-rel='gallery-1' data-prev-img='https:\/\/ollesskomakeri.se\/wp-content\/uploads\/2021\/06\/102694_karlastrid_rosa_v1_ea19051e-495x400.png' class='lightbox ' data-onclick='2' title='102694_karlastrid_rosa_v1_ea19051e'  itemprop=\"thumbnailUrl\"  ><img decoding=\"async\" class=\"wp-image-3519 avia-img-lazy-loading-not-3519\"   src=\"https:\/\/ollesskomakeri.se\/wp-content\/uploads\/2021\/06\/102694_karlastrid_rosa_v1_ea19051e-495x400.png\" width=\"495\" height=\"400\"  title='102694_karlastrid_rosa_v1_ea19051e' alt='' \/><\/a> <a href=\"https:\/\/ollesskomakeri.se\/wp-content\/uploads\/2021\/06\/952852_patrik_brun_42_v2_fa279a19.png\" href=\"530\" href=\"450\" href=\"\" href=\"https:\/\/ollesskomakeri.se\/wp-content\/uploads\/2021\/06\/952852_patrik_brun_42_v2_fa279a19.png 530w, https:\/\/ollesskomakeri.se\/wp-content\/uploads\/2021\/06\/952852_patrik_brun_42_v2_fa279a19-300x255.png 300w\" href=\"(max-width: 530px) 100vw, 530px\" data-rel='gallery-1' data-prev-img='https:\/\/ollesskomakeri.se\/wp-content\/uploads\/2021\/06\/952852_patrik_brun_42_v2_fa279a19-495x400.png' class='lightbox ' data-onclick='3' title='952852_patrik_brun_42_v2_fa279a19'  itemprop=\"thumbnailUrl\"  ><img decoding=\"async\" class=\"wp-image-3518 avia-img-lazy-loading-not-3518\"   src=\"https:\/\/ollesskomakeri.se\/wp-content\/uploads\/2021\/06\/952852_patrik_brun_42_v2_fa279a19-495x400.png\" width=\"495\" height=\"400\"  title='952852_patrik_brun_42_v2_fa279a19' alt='' \/><\/a> <a href=\"https:\/\/ollesskomakeri.se\/wp-content\/uploads\/2021\/06\/970345_broguessvartnubuck_37_v3_7d65f64e.png\" href=\"530\" href=\"450\" href=\"\" href=\"https:\/\/ollesskomakeri.se\/wp-content\/uploads\/2021\/06\/970345_broguessvartnubuck_37_v3_7d65f64e.png 530w, https:\/\/ollesskomakeri.se\/wp-content\/uploads\/2021\/06\/970345_broguessvartnubuck_37_v3_7d65f64e-300x255.png 300w\" href=\"(max-width: 530px) 100vw, 530px\" data-rel='gallery-1' data-prev-img='https:\/\/ollesskomakeri.se\/wp-content\/uploads\/2021\/06\/970345_broguessvartnubuck_37_v3_7d65f64e-495x400.png' class='lightbox ' data-onclick='4' title='970345_broguessvartnubuck_37_v3_7d65f64e'  itemprop=\"thumbnailUrl\"  ><img decoding=\"async\" class=\"wp-image-3521 avia-img-lazy-loading-not-3521\"   src=\"https:\/\/ollesskomakeri.se\/wp-content\/uploads\/2021\/06\/970345_broguessvartnubuck_37_v3_7d65f64e-495x400.png\" width=\"495\" height=\"400\"  title='970345_broguessvartnubuck_37_v3_7d65f64e' alt='' \/><\/a><\/div><\/div><\/div><\/div><\/div><\/div><!-- close content main div --><\/div><\/div><div id='after_section_2'  class='main_color av_default_container_wrap container_wrap sidebar_right' style=' '  ><div class='container' ><div class='template-page content  av-content-small alpha units'><div class='post-entry post-entry-type-page post-entry-3516'><div class='entry-content-wrapper clearfix'><\/p>\n","protected":false},"excerpt":{"rendered":"","protected":false},"author":2,"featured_media":0,"parent":3422,"menu_order":0,"comment_status":"closed","ping_status":"closed","template":"","meta":{"footnotes":""},"class_list":["post-3516","page","type-page","status-publish","hentry"],"_links":{"self":[{"href":"https:\/\/ollesskomakeri.se\/index.php\/wp-json\/wp\/v2\/pages\/3516","targetHints":{"allow":["GET"]}}],"collection":[{"href":"https:\/\/ollesskomakeri.se\/index.php\/wp-json\/wp\/v2\/pages"}],"about":[{"href":"https:\/\/ollesskomakeri.se\/index.php\/wp-json\/wp\/v2\/types\/page"}],"author":[{"embeddable":true,"href":"https:\/\/ollesskomakeri.se\/index.php\/wp-json\/wp\/v2\/users\/2"}],"replies":[{"embeddable":true,"href":"https:\/\/ollesskomakeri.se\/index.php\/wp-json\/wp\/v2\/comments?post=3516"}],"version-history":[{"count":6,"href":"https:\/\/ollesskomakeri.se\/index.php\/wp-json\/wp\/v2\/pages\/3516\/revisions"}],"predecessor-version":[{"id":3529,"href":"https:\/\/ollesskomakeri.se\/index.php\/wp-json\/wp\/v2\/pages\/3516\/revisions\/3529"}],"up":[{"embeddable":true,"href":"https:\/\/ollesskomakeri.se\/index.php\/wp-json\/wp\/v2\/pages\/3422"}],"wp:attachment":[{"href":"https:\/\/ollesskomakeri.se\/index.php\/wp-json\/wp\/v2\/media?parent=3516"}],"curies":[{"name":"wp","href":"https:\/\/api.w.org\/{rel}","templated":true}]}}