{"id":3540,"date":"2021-06-10T09:54:56","date_gmt":"2021-06-10T07:54:56","guid":{"rendered":"https:\/\/ollesskomakeri.se\/?page_id=3540"},"modified":"2024-02-02T10:41:34","modified_gmt":"2024-02-02T09:41:34","slug":"paraboot","status":"publish","type":"page","link":"https:\/\/ollesskomakeri.se\/index.php\/3422-2\/paraboot\/","title":{"rendered":"Paraboot"},"content":{"rendered":"<div id='av_section_1'  class='avia-section main_color avia-section-small avia-no-shadow  avia-bg-style-scroll  avia-builder-el-0  el_before_av_section  avia-builder-el-first   container_wrap sidebar_right' style=' '  ><div class='container' ><main  role=\"main\" itemprop=\"mainContentOfPage\"  class='template-page content  av-content-small alpha units'><div class='post-entry post-entry-type-page post-entry-3540'><div class='entry-content-wrapper clearfix'>\n<div class=\"flex_column av_three_fifth  flex_column_div av-zero-column-padding first  avia-builder-el-1  el_before_av_two_fifth  avia-builder-el-first  \" style='border-radius:0px; '><p><div  style='padding-bottom:10px; ' class='av-special-heading av-special-heading-h1  blockquote modern-quote  avia-builder-el-2  el_before_av_textblock  avia-builder-el-first  '><h1 class='av-special-heading-tag '  itemprop=\"headline\"  >Paraboot<\/h1><div class='special-heading-border'><div class='special-heading-inner-border' ><\/div><\/div><\/div><br \/>\n<section class=\"av_textblock_section \"  itemscope=\"itemscope\" itemtype=\"https:\/\/schema.org\/CreativeWork\" ><div class='avia_textblock  '   itemprop=\"text\" ><p>Paraboot: &#8221;A 100% French legend&#8221;<\/p>\n<p><a class=\"nonblock\" href=\"http:\/\/en.paraboot.com\/history-of-the-brand\">Ett v\u00e4lk\u00e4nt m\u00e4rke fr\u00e5n Frankrike, l\u00e4s historien om Paraboot h\u00e4r <\/a><\/p>\n<p>Just nu har jag tv\u00e5 modeller i butiken, du ser dem p\u00e5 bild h\u00e4r.<\/p>\n<p><strong>Det \u00e4r den klassiska &#8221;Derbien&#8221;<\/strong> \u2013 \u00a0\u00f6ppen sn\u00f6rning och en rundad t\u00e5. L\u00e4derfodrad modell, \u00e4kta Norwegian welt-konstruktion, p\u00e5 en \u00e4kta gummisula. Norwegian welt-konstruktion \u00e4r en specifik s\u00f6mnadsteknik som anv\u00e4nds f\u00f6r att f\u00e4sta sulan till ovansidan av skon som g\u00f6r skon extra h\u00e5llbar och vattenbest\u00e4ndig.<\/p>\n<p><strong>Modellen Avoriaz inspirerades av fj\u00e4llvandringsr\u00f6relsen<\/strong> fr\u00e5n 1960-talet till 1980-talet. Idag har denna legendariska fj\u00e4llk\u00e4nga uppdaterats till en sp\u00e4nnande stadsmodell. L\u00e4derfodrad modell, \u00e4kta Norwegian welt-konstruktion p\u00e5 en \u00e4kta gummisula.<\/p>\n<p><a class=\"nonblock\" href=\"http:\/\/en.paraboot.com\/mens-womens-collections-of-shoes-Paraboot\">Se hela Paraboots sortiment h\u00e4r<\/a><\/p>\n<\/div><\/section><\/p><\/div><div class=\"flex_column av_two_fifth  flex_column_div av-zero-column-padding   avia-builder-el-4  el_after_av_three_fifth  avia-builder-el-last  \" style='border-radius:0px; '><div  class='avia-image-container  av-styling-    avia-builder-el-5  avia-builder-el-no-sibling  avia-align-center '  itemprop=\"image\" itemscope=\"itemscope\" itemtype=\"https:\/\/schema.org\/ImageObject\"  ><div class='avia-image-container-inner'><div class='avia-image-overlay-wrap'><img decoding=\"async\" class='wp-image-3541 avia-img-lazy-loading-not-3541 avia_image' src=\"https:\/\/ollesskomakeri.se\/wp-content\/uploads\/2021\/06\/paraboot-300x122.jpg\" alt='' title='paraboot' height=\"122\" width=\"300\"  itemprop=\"thumbnailUrl\" srcset=\"https:\/\/ollesskomakeri.se\/wp-content\/uploads\/2021\/06\/paraboot-300x122.jpg 300w, https:\/\/ollesskomakeri.se\/wp-content\/uploads\/2021\/06\/paraboot.jpg 344w\" sizes=\"(max-width: 300px) 100vw, 300px\" \/><\/div><\/div><\/div><\/div><\/div><\/div><\/main><!-- close content main element --><\/div><\/div><div id='av_section_2'  class='avia-section main_color avia-section-small avia-no-shadow  avia-bg-style-scroll  avia-builder-el-6  el_after_av_section  avia-builder-el-last   container_wrap sidebar_right' style='background-color: #d6d6d6;  '  ><div class='container' ><div class='template-page content  av-content-small alpha units'><div class='post-entry post-entry-type-page post-entry-3540'><div class='entry-content-wrapper clearfix'>\n<div class=\"flex_column av_three_fourth  flex_column_div av-zero-column-padding first  avia-builder-el-7  el_before_av_hr  avia-builder-el-first  \" style='border-radius:0px; '><div  class='avia-gallery  avia-gallery-1 avia_lazyload avia-gallery-animate avia_animate_when_visible  avia-builder-el-8  avia-builder-el-no-sibling '  itemprop=\"image\" itemscope=\"itemscope\" itemtype=\"https:\/\/schema.org\/ImageObject\" ><a class='avia-gallery-big fakeLightbox lightbox avia-gallery-big-crop-thumb ' href=\"https:\/\/ollesskomakeri.se\/wp-content\/uploads\/2024\/02\/paraboot-michael-marche-marron-lis-marron-715603-face_0.webp\" href=\"768\" href=\"512\" href=\"\" href=\"https:\/\/ollesskomakeri.se\/wp-content\/uploads\/2024\/02\/paraboot-michael-marche-marron-lis-marron-715603-face_0.webp 768w, https:\/\/ollesskomakeri.se\/wp-content\/uploads\/2024\/02\/paraboot-michael-marche-marron-lis-marron-715603-face_0-300x200.webp 300w, https:\/\/ollesskomakeri.se\/wp-content\/uploads\/2024\/02\/paraboot-michael-marche-marron-lis-marron-715603-face_0-705x470.webp 705w\" href=\"(max-width: 768px) 100vw, 768px\"  data-onclick='1' title='paraboot-michael-marche-marron-lis-marron-715603-face_0' ><span class='avia-gallery-big-inner'  itemprop=\"thumbnailUrl\" ><img decoding=\"async\" class=\"wp-image-3664 avia-img-lazy-loading-not-3664\"  width=\"768\" height=\"512\" src=\"https:\/\/ollesskomakeri.se\/wp-content\/uploads\/2024\/02\/paraboot-michael-marche-marron-lis-marron-715603-face_0.webp\" title='paraboot-michael-marche-marron-lis-marron-715603-face_0' alt='' srcset=\"https:\/\/ollesskomakeri.se\/wp-content\/uploads\/2024\/02\/paraboot-michael-marche-marron-lis-marron-715603-face_0.webp 768w, https:\/\/ollesskomakeri.se\/wp-content\/uploads\/2024\/02\/paraboot-michael-marche-marron-lis-marron-715603-face_0-300x200.webp 300w, https:\/\/ollesskomakeri.se\/wp-content\/uploads\/2024\/02\/paraboot-michael-marche-marron-lis-marron-715603-face_0-705x470.webp 705w\" sizes=\"(max-width: 768px) 100vw, 768px\" \/><\/span><\/a><div class='avia-gallery-thumb'> <a href=\"https:\/\/ollesskomakeri.se\/wp-content\/uploads\/2024\/02\/paraboot-michael-marche-marron-lis-marron-715603-face_0.webp\" href=\"768\" href=\"512\" href=\"\" href=\"https:\/\/ollesskomakeri.se\/wp-content\/uploads\/2024\/02\/paraboot-michael-marche-marron-lis-marron-715603-face_0.webp 768w, https:\/\/ollesskomakeri.se\/wp-content\/uploads\/2024\/02\/paraboot-michael-marche-marron-lis-marron-715603-face_0-300x200.webp 300w, https:\/\/ollesskomakeri.se\/wp-content\/uploads\/2024\/02\/paraboot-michael-marche-marron-lis-marron-715603-face_0-705x470.webp 705w\" href=\"(max-width: 768px) 100vw, 768px\" data-rel='gallery-1' data-prev-img='https:\/\/ollesskomakeri.se\/wp-content\/uploads\/2024\/02\/paraboot-michael-marche-marron-lis-marron-715603-face_0.webp' class='first_thumb lightbox ' data-onclick='1' title='paraboot-michael-marche-marron-lis-marron-715603-face_0'  itemprop=\"thumbnailUrl\"  ><img decoding=\"async\" class=\"wp-image-3664 avia-img-lazy-loading-not-3664\"   src=\"https:\/\/ollesskomakeri.se\/wp-content\/uploads\/2024\/02\/paraboot-michael-marche-marron-lis-marron-715603-face_0-495x400.webp\" width=\"495\" height=\"400\"  title='paraboot-michael-marche-marron-lis-marron-715603-face_0' alt='' \/><\/a> <a href=\"https:\/\/ollesskomakeri.se\/wp-content\/uploads\/2024\/02\/paraboot-michael-marche-marron-lis-marron-715603-avant.webp\" href=\"768\" href=\"512\" href=\"\" href=\"https:\/\/ollesskomakeri.se\/wp-content\/uploads\/2024\/02\/paraboot-michael-marche-marron-lis-marron-715603-avant.webp 768w, https:\/\/ollesskomakeri.se\/wp-content\/uploads\/2024\/02\/paraboot-michael-marche-marron-lis-marron-715603-avant-300x200.webp 300w, https:\/\/ollesskomakeri.se\/wp-content\/uploads\/2024\/02\/paraboot-michael-marche-marron-lis-marron-715603-avant-705x470.webp 705w\" href=\"(max-width: 768px) 100vw, 768px\" data-rel='gallery-1' data-prev-img='https:\/\/ollesskomakeri.se\/wp-content\/uploads\/2024\/02\/paraboot-michael-marche-marron-lis-marron-715603-avant.webp' class='lightbox ' data-onclick='2' title='paraboot-michael-marche-marron-lis-marron-715603-avant'  itemprop=\"thumbnailUrl\"  ><img decoding=\"async\" class=\"wp-image-3663 avia-img-lazy-loading-not-3663\"   src=\"https:\/\/ollesskomakeri.se\/wp-content\/uploads\/2024\/02\/paraboot-michael-marche-marron-lis-marron-715603-avant-495x400.webp\" width=\"495\" height=\"400\"  title='paraboot-michael-marche-marron-lis-marron-715603-avant' alt='' \/><\/a> <a href=\"https:\/\/ollesskomakeri.se\/wp-content\/uploads\/2024\/02\/paraboot-michael-marche-marron-lis-marron-715603-arriere.webp\" href=\"768\" href=\"512\" href=\"\" href=\"https:\/\/ollesskomakeri.se\/wp-content\/uploads\/2024\/02\/paraboot-michael-marche-marron-lis-marron-715603-arriere.webp 768w, https:\/\/ollesskomakeri.se\/wp-content\/uploads\/2024\/02\/paraboot-michael-marche-marron-lis-marron-715603-arriere-300x200.webp 300w, https:\/\/ollesskomakeri.se\/wp-content\/uploads\/2024\/02\/paraboot-michael-marche-marron-lis-marron-715603-arriere-705x470.webp 705w\" href=\"(max-width: 768px) 100vw, 768px\" data-rel='gallery-1' data-prev-img='https:\/\/ollesskomakeri.se\/wp-content\/uploads\/2024\/02\/paraboot-michael-marche-marron-lis-marron-715603-arriere.webp' class='lightbox ' data-onclick='3' title='paraboot-michael-marche-marron-lis-marron-715603-arriere'  itemprop=\"thumbnailUrl\"  ><img decoding=\"async\" class=\"wp-image-3662 avia-img-lazy-loading-not-3662\"   src=\"https:\/\/ollesskomakeri.se\/wp-content\/uploads\/2024\/02\/paraboot-michael-marche-marron-lis-marron-715603-arriere-495x400.webp\" width=\"495\" height=\"400\"  title='paraboot-michael-marche-marron-lis-marron-715603-arriere' alt='' \/><\/a> <a href=\"https:\/\/ollesskomakeri.se\/wp-content\/uploads\/2024\/02\/paraboot-avoriaz-nv-jannu-noire-lis-noir-188912-face.webp\" href=\"768\" href=\"512\" href=\"\" href=\"https:\/\/ollesskomakeri.se\/wp-content\/uploads\/2024\/02\/paraboot-avoriaz-nv-jannu-noire-lis-noir-188912-face.webp 768w, https:\/\/ollesskomakeri.se\/wp-content\/uploads\/2024\/02\/paraboot-avoriaz-nv-jannu-noire-lis-noir-188912-face-300x200.webp 300w, https:\/\/ollesskomakeri.se\/wp-content\/uploads\/2024\/02\/paraboot-avoriaz-nv-jannu-noire-lis-noir-188912-face-705x470.webp 705w\" href=\"(max-width: 768px) 100vw, 768px\" data-rel='gallery-1' data-prev-img='https:\/\/ollesskomakeri.se\/wp-content\/uploads\/2024\/02\/paraboot-avoriaz-nv-jannu-noire-lis-noir-188912-face.webp' class='lightbox ' data-onclick='4' title='paraboot-avoriaz-nv-jannu-noire-lis-noir-188912-face'  itemprop=\"thumbnailUrl\"  ><img decoding=\"async\" class=\"wp-image-3659 avia-img-lazy-loading-not-3659\"   src=\"https:\/\/ollesskomakeri.se\/wp-content\/uploads\/2024\/02\/paraboot-avoriaz-nv-jannu-noire-lis-noir-188912-face-495x400.webp\" width=\"495\" height=\"400\"  title='paraboot-avoriaz-nv-jannu-noire-lis-noir-188912-face' alt='' \/><\/a> <a href=\"https:\/\/ollesskomakeri.se\/wp-content\/uploads\/2024\/02\/paraboot-avoriaz-nv-jannu-noire-lis-noir-188912-avant.webp\" href=\"768\" href=\"512\" href=\"\" href=\"https:\/\/ollesskomakeri.se\/wp-content\/uploads\/2024\/02\/paraboot-avoriaz-nv-jannu-noire-lis-noir-188912-avant.webp 768w, https:\/\/ollesskomakeri.se\/wp-content\/uploads\/2024\/02\/paraboot-avoriaz-nv-jannu-noire-lis-noir-188912-avant-300x200.webp 300w, https:\/\/ollesskomakeri.se\/wp-content\/uploads\/2024\/02\/paraboot-avoriaz-nv-jannu-noire-lis-noir-188912-avant-705x470.webp 705w\" href=\"(max-width: 768px) 100vw, 768px\" data-rel='gallery-1' data-prev-img='https:\/\/ollesskomakeri.se\/wp-content\/uploads\/2024\/02\/paraboot-avoriaz-nv-jannu-noire-lis-noir-188912-avant.webp' class='lightbox ' data-onclick='5' title='paraboot-avoriaz-nv-jannu-noire-lis-noir-188912-avant'  itemprop=\"thumbnailUrl\"  ><img decoding=\"async\" class=\"wp-image-3658 avia-img-lazy-loading-not-3658\"   src=\"https:\/\/ollesskomakeri.se\/wp-content\/uploads\/2024\/02\/paraboot-avoriaz-nv-jannu-noire-lis-noir-188912-avant-495x400.webp\" width=\"495\" height=\"400\"  title='paraboot-avoriaz-nv-jannu-noire-lis-noir-188912-avant' alt='' \/><\/a> <a href=\"https:\/\/ollesskomakeri.se\/wp-content\/uploads\/2024\/02\/paraboot-avoriaz-nv-jannu-noire-lis-noir-188912-arriere.webp\" href=\"768\" href=\"512\" href=\"\" href=\"https:\/\/ollesskomakeri.se\/wp-content\/uploads\/2024\/02\/paraboot-avoriaz-nv-jannu-noire-lis-noir-188912-arriere.webp 768w, https:\/\/ollesskomakeri.se\/wp-content\/uploads\/2024\/02\/paraboot-avoriaz-nv-jannu-noire-lis-noir-188912-arriere-300x200.webp 300w, https:\/\/ollesskomakeri.se\/wp-content\/uploads\/2024\/02\/paraboot-avoriaz-nv-jannu-noire-lis-noir-188912-arriere-705x470.webp 705w\" href=\"(max-width: 768px) 100vw, 768px\" data-rel='gallery-1' data-prev-img='https:\/\/ollesskomakeri.se\/wp-content\/uploads\/2024\/02\/paraboot-avoriaz-nv-jannu-noire-lis-noir-188912-arriere.webp' class='first_thumb lightbox ' data-onclick='6' title='paraboot-avoriaz-nv-jannu-noire-lis-noir-188912-arriere'  itemprop=\"thumbnailUrl\"  ><img decoding=\"async\" class=\"wp-image-3657 avia-img-lazy-loading-not-3657\"   src=\"https:\/\/ollesskomakeri.se\/wp-content\/uploads\/2024\/02\/paraboot-avoriaz-nv-jannu-noire-lis-noir-188912-arriere-495x400.webp\" width=\"495\" height=\"400\"  title='paraboot-avoriaz-nv-jannu-noire-lis-noir-188912-arriere' alt='' \/><\/a><\/div><\/div><\/div><div  style='height:250px' class='hr hr-invisible   avia-builder-el-9  el_after_av_three_fourth  el_before_av_hr '><span class='hr-inner ' ><span class='hr-inner-style'><\/span><\/span><\/div>\n<div  style='height:250px' class='hr hr-invisible   avia-builder-el-10  el_after_av_hr  avia-builder-el-last '><span class='hr-inner ' ><span class='hr-inner-style'><\/span><\/span><\/div>\n<\/div><\/div><\/div><!-- close content main div --><\/div><\/div><div id='after_section_2'  class='main_color av_default_container_wrap container_wrap sidebar_right' style=' '  ><div class='container' ><div class='template-page content  av-content-small alpha units'><div class='post-entry post-entry-type-page post-entry-3540'><div class='entry-content-wrapper clearfix'><\/p>\n","protected":false},"excerpt":{"rendered":"","protected":false},"author":2,"featured_media":0,"parent":3422,"menu_order":0,"comment_status":"closed","ping_status":"closed","template":"","meta":{"footnotes":""},"class_list":["post-3540","page","type-page","status-publish","hentry"],"_links":{"self":[{"href":"https:\/\/ollesskomakeri.se\/index.php\/wp-json\/wp\/v2\/pages\/3540","targetHints":{"allow":["GET"]}}],"collection":[{"href":"https:\/\/ollesskomakeri.se\/index.php\/wp-json\/wp\/v2\/pages"}],"about":[{"href":"https:\/\/ollesskomakeri.se\/index.php\/wp-json\/wp\/v2\/types\/page"}],"author":[{"embeddable":true,"href":"https:\/\/ollesskomakeri.se\/index.php\/wp-json\/wp\/v2\/users\/2"}],"replies":[{"embeddable":true,"href":"https:\/\/ollesskomakeri.se\/index.php\/wp-json\/wp\/v2\/comments?post=3540"}],"version-history":[{"count":8,"href":"https:\/\/ollesskomakeri.se\/index.php\/wp-json\/wp\/v2\/pages\/3540\/revisions"}],"predecessor-version":[{"id":3669,"href":"https:\/\/ollesskomakeri.se\/index.php\/wp-json\/wp\/v2\/pages\/3540\/revisions\/3669"}],"up":[{"embeddable":true,"href":"https:\/\/ollesskomakeri.se\/index.php\/wp-json\/wp\/v2\/pages\/3422"}],"wp:attachment":[{"href":"https:\/\/ollesskomakeri.se\/index.php\/wp-json\/wp\/v2\/media?parent=3540"}],"curies":[{"name":"wp","href":"https:\/\/api.w.org\/{rel}","templated":true}]}}