{"id":3551,"date":"2021-06-10T10:05:21","date_gmt":"2021-06-10T08:05:21","guid":{"rendered":"https:\/\/ollesskomakeri.se\/?page_id=3551"},"modified":"2021-06-10T10:05:22","modified_gmt":"2021-06-10T08:05:22","slug":"fredmatt","status":"publish","type":"page","link":"https:\/\/ollesskomakeri.se\/index.php\/3422-2\/fredmatt\/","title":{"rendered":"Fred&#038;Matt"},"content":{"rendered":"<div id='av_section_1'  class='avia-section main_color avia-section-small avia-no-shadow  avia-bg-style-scroll  avia-builder-el-0  el_before_av_section  avia-builder-el-first   container_wrap sidebar_right' style=' '  ><div class='container' ><main  role=\"main\" itemprop=\"mainContentOfPage\"  class='template-page content  av-content-small alpha units'><div class='post-entry post-entry-type-page post-entry-3551'><div class='entry-content-wrapper clearfix'>\n<div class=\"flex_column av_two_fifth  flex_column_div av-zero-column-padding first  avia-builder-el-1  el_before_av_two_fifth  avia-builder-el-first  \" style='border-radius:0px; '><p><div  style='padding-bottom:10px; ' class='av-special-heading av-special-heading-h1  blockquote modern-quote  avia-builder-el-2  el_before_av_textblock  avia-builder-el-first  '><h1 class='av-special-heading-tag '  itemprop=\"headline\"  >Fred&#038;Matt<\/h1><div class='special-heading-border'><div class='special-heading-inner-border' ><\/div><\/div><\/div><br \/>\n<section class=\"av_textblock_section \"  itemscope=\"itemscope\" itemtype=\"https:\/\/schema.org\/CreativeWork\" ><div class='avia_textblock  '   itemprop=\"text\" ><p id=\"u2984-2\">EN NY GENERATION GALOSCHER<\/p>\n<p>V\u00e4ldesignade, handgjorda och h\u00f6gteknolgiska. Med en design som h\u00e4mtat inspiration fr\u00e5n b\u00e5de den klassiska herrskov\u00e4rlden och modernt sportmode har Fred&amp;Matt gjort galoschen till en snygg och funktionell modeprodukt.<\/p>\n<p><a class=\"nonblock\" href=\"http:\/\/www.fredandmatt.com\" target=\"_blank\" rel=\"noopener\">L\u00e4s mer om Fred&amp;Matt h\u00e4r <\/a><\/p>\n<\/div><\/section><\/p><\/div><div class=\"flex_column av_two_fifth  flex_column_div av-zero-column-padding   avia-builder-el-4  el_after_av_two_fifth  avia-builder-el-last  \" style='border-radius:0px; '><div  class='avia-image-container  av-styling-    avia-builder-el-5  avia-builder-el-no-sibling  avia-align-center '  itemprop=\"image\" itemscope=\"itemscope\" itemtype=\"https:\/\/schema.org\/ImageObject\"  ><div class='avia-image-container-inner'><div class='avia-image-overlay-wrap'><img decoding=\"async\" class='wp-image-3552 avia-img-lazy-loading-not-3552 avia_image' src=\"https:\/\/ollesskomakeri.se\/wp-content\/uploads\/2021\/06\/fm-logo2.jpg\" alt='' title='fm-logo2' height=\"219\" width=\"855\"  itemprop=\"thumbnailUrl\" srcset=\"https:\/\/ollesskomakeri.se\/wp-content\/uploads\/2021\/06\/fm-logo2.jpg 855w, https:\/\/ollesskomakeri.se\/wp-content\/uploads\/2021\/06\/fm-logo2-300x77.jpg 300w, https:\/\/ollesskomakeri.se\/wp-content\/uploads\/2021\/06\/fm-logo2-768x197.jpg 768w, https:\/\/ollesskomakeri.se\/wp-content\/uploads\/2021\/06\/fm-logo2-705x181.jpg 705w\" sizes=\"(max-width: 855px) 100vw, 855px\" \/><\/div><\/div><\/div><\/div><\/div><\/div><\/main><!-- close content main element --><\/div><\/div><div id='av_section_2'  class='avia-section main_color avia-section-small avia-no-shadow  avia-bg-style-scroll  avia-builder-el-6  el_after_av_section  avia-builder-el-last   container_wrap sidebar_right' style='background-color: #d6d6d6;  '  ><div class='container' ><div class='template-page content  av-content-small alpha units'><div class='post-entry post-entry-type-page post-entry-3551'><div class='entry-content-wrapper clearfix'>\n<div class=\"flex_column av_three_fourth  flex_column_div av-zero-column-padding first  avia-builder-el-7  el_before_av_hr  avia-builder-el-first  \" style='border-radius:0px; '><div  class='avia-gallery  avia-gallery-1 avia_lazyload avia-gallery-animate avia_animate_when_visible  avia-builder-el-8  avia-builder-el-no-sibling '  itemprop=\"image\" itemscope=\"itemscope\" itemtype=\"https:\/\/schema.org\/ImageObject\" ><a class='avia-gallery-big fakeLightbox lightbox avia-gallery-big-crop-thumb ' href=\"https:\/\/ollesskomakeri.se\/wp-content\/uploads\/2021\/06\/Olles-skomakeri-FredMatt-kl.-10.00.50-1030x700.png\" href=\"1030\" href=\"700\" href=\"1\" href=\"https:\/\/ollesskomakeri.se\/wp-content\/uploads\/2021\/06\/Olles-skomakeri-FredMatt-kl.-10.00.50-1030x700.png 1030w, https:\/\/ollesskomakeri.se\/wp-content\/uploads\/2021\/06\/Olles-skomakeri-FredMatt-kl.-10.00.50-300x204.png 300w, https:\/\/ollesskomakeri.se\/wp-content\/uploads\/2021\/06\/Olles-skomakeri-FredMatt-kl.-10.00.50-768x522.png 768w, https:\/\/ollesskomakeri.se\/wp-content\/uploads\/2021\/06\/Olles-skomakeri-FredMatt-kl.-10.00.50-705x479.png 705w, https:\/\/ollesskomakeri.se\/wp-content\/uploads\/2021\/06\/Olles-skomakeri-FredMatt-kl.-10.00.50.png 1198w\" href=\"(max-width: 1030px) 100vw, 1030px\"  data-onclick='1' title='Olles skomakeri Fred&amp;Matt kl. 10.00.50' ><span class='avia-gallery-big-inner'  itemprop=\"thumbnailUrl\" ><img decoding=\"async\" class=\"wp-image-3557 avia-img-lazy-loading-not-3557\"  width=\"1198\" height=\"814\" src=\"https:\/\/ollesskomakeri.se\/wp-content\/uploads\/2021\/06\/Olles-skomakeri-FredMatt-kl.-10.00.50.png\" title='Olles skomakeri Fred&amp;Matt kl. 10.00.50' alt='' srcset=\"https:\/\/ollesskomakeri.se\/wp-content\/uploads\/2021\/06\/Olles-skomakeri-FredMatt-kl.-10.00.50.png 1198w, https:\/\/ollesskomakeri.se\/wp-content\/uploads\/2021\/06\/Olles-skomakeri-FredMatt-kl.-10.00.50-300x204.png 300w, https:\/\/ollesskomakeri.se\/wp-content\/uploads\/2021\/06\/Olles-skomakeri-FredMatt-kl.-10.00.50-1030x700.png 1030w, https:\/\/ollesskomakeri.se\/wp-content\/uploads\/2021\/06\/Olles-skomakeri-FredMatt-kl.-10.00.50-768x522.png 768w, https:\/\/ollesskomakeri.se\/wp-content\/uploads\/2021\/06\/Olles-skomakeri-FredMatt-kl.-10.00.50-705x479.png 705w\" sizes=\"(max-width: 1198px) 100vw, 1198px\" \/><\/span><\/a><div class='avia-gallery-thumb'> <a href=\"https:\/\/ollesskomakeri.se\/wp-content\/uploads\/2021\/06\/Olles-skomakeri-FredMatt-kl.-10.00.50-1030x700.png\" href=\"1030\" href=\"700\" href=\"1\" href=\"https:\/\/ollesskomakeri.se\/wp-content\/uploads\/2021\/06\/Olles-skomakeri-FredMatt-kl.-10.00.50-1030x700.png 1030w, https:\/\/ollesskomakeri.se\/wp-content\/uploads\/2021\/06\/Olles-skomakeri-FredMatt-kl.-10.00.50-300x204.png 300w, https:\/\/ollesskomakeri.se\/wp-content\/uploads\/2021\/06\/Olles-skomakeri-FredMatt-kl.-10.00.50-768x522.png 768w, https:\/\/ollesskomakeri.se\/wp-content\/uploads\/2021\/06\/Olles-skomakeri-FredMatt-kl.-10.00.50-705x479.png 705w, https:\/\/ollesskomakeri.se\/wp-content\/uploads\/2021\/06\/Olles-skomakeri-FredMatt-kl.-10.00.50.png 1198w\" href=\"(max-width: 1030px) 100vw, 1030px\" data-rel='gallery-1' data-prev-img='https:\/\/ollesskomakeri.se\/wp-content\/uploads\/2021\/06\/Olles-skomakeri-FredMatt-kl.-10.00.50.png' class='first_thumb lightbox ' data-onclick='1' title='Olles skomakeri Fred&amp;Matt kl. 10.00.50'  itemprop=\"thumbnailUrl\"  ><img decoding=\"async\" class=\"wp-image-3557 avia-img-lazy-loading-not-3557\"   src=\"https:\/\/ollesskomakeri.se\/wp-content\/uploads\/2021\/06\/Olles-skomakeri-FredMatt-kl.-10.00.50-495x400.png\" width=\"495\" height=\"400\"  title='Olles skomakeri Fred&amp;Matt kl. 10.00.50' alt='' srcset=\"https:\/\/ollesskomakeri.se\/wp-content\/uploads\/2021\/06\/Olles-skomakeri-FredMatt-kl.-10.00.50-495x400.png 495w, https:\/\/ollesskomakeri.se\/wp-content\/uploads\/2021\/06\/Olles-skomakeri-FredMatt-kl.-10.00.50-845x684.png 845w\" sizes=\"(max-width: 495px) 100vw, 495px\" \/><\/a> <a href=\"https:\/\/ollesskomakeri.se\/wp-content\/uploads\/2021\/06\/galoscher-olles-skomakeri.-10.03.49.png\" href=\"984\" href=\"717\" href=\"\" href=\"https:\/\/ollesskomakeri.se\/wp-content\/uploads\/2021\/06\/galoscher-olles-skomakeri.-10.03.49.png 984w, https:\/\/ollesskomakeri.se\/wp-content\/uploads\/2021\/06\/galoscher-olles-skomakeri.-10.03.49-300x219.png 300w, https:\/\/ollesskomakeri.se\/wp-content\/uploads\/2021\/06\/galoscher-olles-skomakeri.-10.03.49-768x560.png 768w, https:\/\/ollesskomakeri.se\/wp-content\/uploads\/2021\/06\/galoscher-olles-skomakeri.-10.03.49-705x514.png 705w\" href=\"(max-width: 984px) 100vw, 984px\" data-rel='gallery-1' data-prev-img='https:\/\/ollesskomakeri.se\/wp-content\/uploads\/2021\/06\/galoscher-olles-skomakeri.-10.03.49.png' class='lightbox ' data-onclick='2' title='galoscher olles skomakeri. 10.03.49'  itemprop=\"thumbnailUrl\"  ><img decoding=\"async\" class=\"wp-image-3553 avia-img-lazy-loading-not-3553\"   src=\"https:\/\/ollesskomakeri.se\/wp-content\/uploads\/2021\/06\/galoscher-olles-skomakeri.-10.03.49-495x400.png\" width=\"495\" height=\"400\"  title='galoscher olles skomakeri. 10.03.49' alt='' srcset=\"https:\/\/ollesskomakeri.se\/wp-content\/uploads\/2021\/06\/galoscher-olles-skomakeri.-10.03.49-495x400.png 495w, https:\/\/ollesskomakeri.se\/wp-content\/uploads\/2021\/06\/galoscher-olles-skomakeri.-10.03.49-845x684.png 845w\" sizes=\"(max-width: 495px) 100vw, 495px\" \/><\/a> <a href=\"https:\/\/ollesskomakeri.se\/wp-content\/uploads\/2021\/06\/ollesskomakeri-kl.-10.01.54-1030x629.png\" href=\"1030\" href=\"629\" href=\"1\" href=\"https:\/\/ollesskomakeri.se\/wp-content\/uploads\/2021\/06\/ollesskomakeri-kl.-10.01.54-1030x629.png 1030w, https:\/\/ollesskomakeri.se\/wp-content\/uploads\/2021\/06\/ollesskomakeri-kl.-10.01.54-300x183.png 300w, https:\/\/ollesskomakeri.se\/wp-content\/uploads\/2021\/06\/ollesskomakeri-kl.-10.01.54-768x469.png 768w, https:\/\/ollesskomakeri.se\/wp-content\/uploads\/2021\/06\/ollesskomakeri-kl.-10.01.54-705x431.png 705w, https:\/\/ollesskomakeri.se\/wp-content\/uploads\/2021\/06\/ollesskomakeri-kl.-10.01.54.png 1062w\" href=\"(max-width: 1030px) 100vw, 1030px\" data-rel='gallery-1' data-prev-img='https:\/\/ollesskomakeri.se\/wp-content\/uploads\/2021\/06\/ollesskomakeri-kl.-10.01.54.png' class='lightbox ' data-onclick='3' title='ollesskomakeri kl. 10.01.54'  itemprop=\"thumbnailUrl\"  ><img decoding=\"async\" class=\"wp-image-3554 avia-img-lazy-loading-not-3554\"   src=\"https:\/\/ollesskomakeri.se\/wp-content\/uploads\/2021\/06\/ollesskomakeri-kl.-10.01.54-495x400.png\" width=\"495\" height=\"400\"  title='ollesskomakeri kl. 10.01.54' alt='' \/><\/a> <a href=\"https:\/\/ollesskomakeri.se\/wp-content\/uploads\/2021\/06\/olles-skomakeri-kl.-10.01.29.png\" href=\"983\" href=\"692\" href=\"\" href=\"https:\/\/ollesskomakeri.se\/wp-content\/uploads\/2021\/06\/olles-skomakeri-kl.-10.01.29.png 983w, https:\/\/ollesskomakeri.se\/wp-content\/uploads\/2021\/06\/olles-skomakeri-kl.-10.01.29-300x211.png 300w, https:\/\/ollesskomakeri.se\/wp-content\/uploads\/2021\/06\/olles-skomakeri-kl.-10.01.29-768x541.png 768w, https:\/\/ollesskomakeri.se\/wp-content\/uploads\/2021\/06\/olles-skomakeri-kl.-10.01.29-705x496.png 705w\" href=\"(max-width: 983px) 100vw, 983px\" data-rel='gallery-1' data-prev-img='https:\/\/ollesskomakeri.se\/wp-content\/uploads\/2021\/06\/olles-skomakeri-kl.-10.01.29.png' class='lightbox ' data-onclick='4' title='olles skomakeri kl. 10.01.29'  itemprop=\"thumbnailUrl\"  ><img decoding=\"async\" class=\"wp-image-3555 avia-img-lazy-loading-not-3555\"   src=\"https:\/\/ollesskomakeri.se\/wp-content\/uploads\/2021\/06\/olles-skomakeri-kl.-10.01.29-495x400.png\" width=\"495\" height=\"400\"  title='olles skomakeri kl. 10.01.29' alt='' srcset=\"https:\/\/ollesskomakeri.se\/wp-content\/uploads\/2021\/06\/olles-skomakeri-kl.-10.01.29-495x400.png 495w, https:\/\/ollesskomakeri.se\/wp-content\/uploads\/2021\/06\/olles-skomakeri-kl.-10.01.29-845x684.png 845w\" sizes=\"(max-width: 495px) 100vw, 495px\" \/><\/a> <a href=\"https:\/\/ollesskomakeri.se\/wp-content\/uploads\/2021\/06\/FredMatt-Olles-skomakeril.-10.01.15.png\" href=\"915\" href=\"691\" href=\"\" href=\"https:\/\/ollesskomakeri.se\/wp-content\/uploads\/2021\/06\/FredMatt-Olles-skomakeril.-10.01.15.png 915w, https:\/\/ollesskomakeri.se\/wp-content\/uploads\/2021\/06\/FredMatt-Olles-skomakeril.-10.01.15-300x227.png 300w, https:\/\/ollesskomakeri.se\/wp-content\/uploads\/2021\/06\/FredMatt-Olles-skomakeril.-10.01.15-768x580.png 768w, https:\/\/ollesskomakeri.se\/wp-content\/uploads\/2021\/06\/FredMatt-Olles-skomakeril.-10.01.15-705x532.png 705w\" href=\"(max-width: 915px) 100vw, 915px\" data-rel='gallery-1' data-prev-img='https:\/\/ollesskomakeri.se\/wp-content\/uploads\/2021\/06\/FredMatt-Olles-skomakeril.-10.01.15.png' class='lightbox ' data-onclick='5' title='Fred&amp;Matt Olles skomakeril. 10.01.15'  itemprop=\"thumbnailUrl\"  ><img decoding=\"async\" class=\"wp-image-3556 avia-img-lazy-loading-not-3556\"   src=\"https:\/\/ollesskomakeri.se\/wp-content\/uploads\/2021\/06\/FredMatt-Olles-skomakeril.-10.01.15-495x400.png\" width=\"495\" height=\"400\"  title='Fred&amp;Matt Olles skomakeril. 10.01.15' alt='' srcset=\"https:\/\/ollesskomakeri.se\/wp-content\/uploads\/2021\/06\/FredMatt-Olles-skomakeril.-10.01.15-495x400.png 495w, https:\/\/ollesskomakeri.se\/wp-content\/uploads\/2021\/06\/FredMatt-Olles-skomakeril.-10.01.15-845x684.png 845w\" sizes=\"(max-width: 495px) 100vw, 495px\" \/><\/a><\/div><\/div><\/div><div  style='height:250px' class='hr hr-invisible   avia-builder-el-9  el_after_av_three_fourth  el_before_av_hr '><span class='hr-inner ' ><span class='hr-inner-style'><\/span><\/span><\/div>\n<div  style='height:250px' class='hr hr-invisible   avia-builder-el-10  el_after_av_hr  avia-builder-el-last '><span class='hr-inner ' ><span class='hr-inner-style'><\/span><\/span><\/div>\n<\/div><\/div><\/div><!-- close content main div --><\/div><\/div><div id='after_section_2'  class='main_color av_default_container_wrap container_wrap sidebar_right' style=' '  ><div class='container' ><div class='template-page content  av-content-small alpha units'><div class='post-entry post-entry-type-page post-entry-3551'><div class='entry-content-wrapper clearfix'><\/p>\n","protected":false},"excerpt":{"rendered":"","protected":false},"author":2,"featured_media":0,"parent":3422,"menu_order":0,"comment_status":"closed","ping_status":"closed","template":"","meta":{"footnotes":""},"class_list":["post-3551","page","type-page","status-publish","hentry"],"_links":{"self":[{"href":"https:\/\/ollesskomakeri.se\/index.php\/wp-json\/wp\/v2\/pages\/3551","targetHints":{"allow":["GET"]}}],"collection":[{"href":"https:\/\/ollesskomakeri.se\/index.php\/wp-json\/wp\/v2\/pages"}],"about":[{"href":"https:\/\/ollesskomakeri.se\/index.php\/wp-json\/wp\/v2\/types\/page"}],"author":[{"embeddable":true,"href":"https:\/\/ollesskomakeri.se\/index.php\/wp-json\/wp\/v2\/users\/2"}],"replies":[{"embeddable":true,"href":"https:\/\/ollesskomakeri.se\/index.php\/wp-json\/wp\/v2\/comments?post=3551"}],"version-history":[{"count":1,"href":"https:\/\/ollesskomakeri.se\/index.php\/wp-json\/wp\/v2\/pages\/3551\/revisions"}],"predecessor-version":[{"id":3558,"href":"https:\/\/ollesskomakeri.se\/index.php\/wp-json\/wp\/v2\/pages\/3551\/revisions\/3558"}],"up":[{"embeddable":true,"href":"https:\/\/ollesskomakeri.se\/index.php\/wp-json\/wp\/v2\/pages\/3422"}],"wp:attachment":[{"href":"https:\/\/ollesskomakeri.se\/index.php\/wp-json\/wp\/v2\/media?parent=3551"}],"curies":[{"name":"wp","href":"https:\/\/api.w.org\/{rel}","templated":true}]}}