{"id":3559,"date":"2021-06-10T10:12:18","date_gmt":"2021-06-10T08:12:18","guid":{"rendered":"https:\/\/ollesskomakeri.se\/?page_id=3559"},"modified":"2021-06-10T10:34:21","modified_gmt":"2021-06-10T08:34:21","slug":"arsante","status":"publish","type":"page","link":"https:\/\/ollesskomakeri.se\/index.php\/3422-2\/arsante\/","title":{"rendered":"Arsante"},"content":{"rendered":"<div id='av_section_1'  class='avia-section main_color avia-section-small avia-no-shadow  avia-bg-style-scroll  avia-builder-el-0  el_before_av_section  avia-builder-el-first   container_wrap sidebar_right' style=' '  ><div class='container' ><main  role=\"main\" itemprop=\"mainContentOfPage\"  class='template-page content  av-content-small alpha units'><div class='post-entry post-entry-type-page post-entry-3559'><div class='entry-content-wrapper clearfix'>\n<div class=\"flex_column av_two_fifth  flex_column_div av-zero-column-padding first  avia-builder-el-1  el_before_av_two_fifth  avia-builder-el-first  \" style='border-radius:0px; '><p><div  style='padding-bottom:10px; ' class='av-special-heading av-special-heading-h1  blockquote modern-quote  avia-builder-el-2  el_before_av_textblock  avia-builder-el-first  '><h1 class='av-special-heading-tag '  itemprop=\"headline\"  >Arsante<\/h1><div class='special-heading-border'><div class='special-heading-inner-border' ><\/div><\/div><\/div><br \/>\n<section class=\"av_textblock_section \"  itemscope=\"itemscope\" itemtype=\"https:\/\/schema.org\/CreativeWork\" ><div class='avia_textblock  '   itemprop=\"text\" ><p>Arsante skapades ur filosofin av att erbjuda den finaste kvaliteten i lyxv\u00e4skor, handv\u00e4skor, bagage och tillbeh\u00f6r som g\u00f6r ett statement mot dagens konsumentorienterade livsstil. Arsantes uppdrag \u00e4r att ta tillbaka den gamla goda vardagslyxen, d\u00e4r den bekv\u00e4ma stilen \u00e4r materialiserat i design som domineras av rena former, minimalism och utm\u00e4rkt kvalitet.<\/p>\n<p>Kom in I butiken och k\u00e4nn p\u00e5 den superba kvalit\u00e9n i Arsantes produkter. <a class=\"nonblock\" href=\"https:\/\/arsante.com\">L\u00e4s mer om Arsante H\u00c4R <\/a><\/p>\n<\/div><\/section><\/p><\/div><div class=\"flex_column av_two_fifth  flex_column_div av-zero-column-padding   avia-builder-el-4  el_after_av_two_fifth  avia-builder-el-last  \" style='border-radius:0px; '><div  class='avia-image-container  av-styling-    avia-builder-el-5  avia-builder-el-no-sibling  avia-align-center '  itemprop=\"image\" itemscope=\"itemscope\" itemtype=\"https:\/\/schema.org\/ImageObject\"  ><div class='avia-image-container-inner'><div class='avia-image-overlay-wrap'><img decoding=\"async\" class='wp-image-3560 avia-img-lazy-loading-not-3560 avia_image' src=\"https:\/\/ollesskomakeri.se\/wp-content\/uploads\/2021\/06\/arsante.-10.06.52.png\" alt='' title='arsante. 10.06.52' height=\"105\" width=\"264\"  itemprop=\"thumbnailUrl\"  \/><\/div><\/div><\/div><\/div>\n\n<\/div><\/div><\/main><!-- close content main element --><\/div><\/div><div id='av_section_2'  class='avia-section main_color avia-section-small avia-no-shadow  avia-bg-style-scroll  avia-builder-el-6  el_after_av_section  avia-builder-el-last   container_wrap sidebar_right' style='background-color: #d6d6d6;  '  ><div class='container' ><div class='template-page content  av-content-small alpha units'><div class='post-entry post-entry-type-page post-entry-3559'><div class='entry-content-wrapper clearfix'>\n<div class=\"flex_column av_three_fourth  flex_column_div av-zero-column-padding first  avia-builder-el-7  el_before_av_hr  avia-builder-el-first  \" style='border-radius:0px; '><div  class='avia-gallery  avia-gallery-1 avia_lazyload avia-gallery-animate avia_animate_when_visible  avia-builder-el-8  avia-builder-el-no-sibling '  itemprop=\"image\" itemscope=\"itemscope\" itemtype=\"https:\/\/schema.org\/ImageObject\" ><a class='avia-gallery-big fakeLightbox lightbox avia-gallery-big-crop-thumb ' href=\"https:\/\/ollesskomakeri.se\/wp-content\/uploads\/2021\/06\/arsantel.-10.08.31.png\" href=\"592\" href=\"592\" href=\"\" href=\"https:\/\/ollesskomakeri.se\/wp-content\/uploads\/2021\/06\/arsantel.-10.08.31.png 592w, https:\/\/ollesskomakeri.se\/wp-content\/uploads\/2021\/06\/arsantel.-10.08.31-300x300.png 300w, https:\/\/ollesskomakeri.se\/wp-content\/uploads\/2021\/06\/arsantel.-10.08.31-80x80.png 80w, https:\/\/ollesskomakeri.se\/wp-content\/uploads\/2021\/06\/arsantel.-10.08.31-36x36.png 36w, https:\/\/ollesskomakeri.se\/wp-content\/uploads\/2021\/06\/arsantel.-10.08.31-180x180.png 180w\" href=\"(max-width: 592px) 100vw, 592px\"  data-onclick='1' title='arsantel. 10.08.31' ><span class='avia-gallery-big-inner'  itemprop=\"thumbnailUrl\" ><img decoding=\"async\" class=\"wp-image-3564 avia-img-lazy-loading-not-3564\"  width=\"592\" height=\"592\" src=\"https:\/\/ollesskomakeri.se\/wp-content\/uploads\/2021\/06\/arsantel.-10.08.31.png\" title='arsantel. 10.08.31' alt='' srcset=\"https:\/\/ollesskomakeri.se\/wp-content\/uploads\/2021\/06\/arsantel.-10.08.31.png 592w, https:\/\/ollesskomakeri.se\/wp-content\/uploads\/2021\/06\/arsantel.-10.08.31-300x300.png 300w, https:\/\/ollesskomakeri.se\/wp-content\/uploads\/2021\/06\/arsantel.-10.08.31-80x80.png 80w, https:\/\/ollesskomakeri.se\/wp-content\/uploads\/2021\/06\/arsantel.-10.08.31-36x36.png 36w, https:\/\/ollesskomakeri.se\/wp-content\/uploads\/2021\/06\/arsantel.-10.08.31-180x180.png 180w\" sizes=\"(max-width: 592px) 100vw, 592px\" \/><\/span><\/a><div class='avia-gallery-thumb'> <a href=\"https:\/\/ollesskomakeri.se\/wp-content\/uploads\/2021\/06\/arsantel.-10.08.31.png\" href=\"592\" href=\"592\" href=\"\" href=\"https:\/\/ollesskomakeri.se\/wp-content\/uploads\/2021\/06\/arsantel.-10.08.31.png 592w, https:\/\/ollesskomakeri.se\/wp-content\/uploads\/2021\/06\/arsantel.-10.08.31-300x300.png 300w, https:\/\/ollesskomakeri.se\/wp-content\/uploads\/2021\/06\/arsantel.-10.08.31-80x80.png 80w, https:\/\/ollesskomakeri.se\/wp-content\/uploads\/2021\/06\/arsantel.-10.08.31-36x36.png 36w, https:\/\/ollesskomakeri.se\/wp-content\/uploads\/2021\/06\/arsantel.-10.08.31-180x180.png 180w\" href=\"(max-width: 592px) 100vw, 592px\" data-rel='gallery-1' data-prev-img='https:\/\/ollesskomakeri.se\/wp-content\/uploads\/2021\/06\/arsantel.-10.08.31.png' class='first_thumb lightbox ' data-onclick='1' title='arsantel. 10.08.31'  itemprop=\"thumbnailUrl\"  ><img decoding=\"async\" class=\"wp-image-3564 avia-img-lazy-loading-not-3564\"   src=\"https:\/\/ollesskomakeri.se\/wp-content\/uploads\/2021\/06\/arsantel.-10.08.31-495x400.png\" width=\"495\" height=\"400\"  title='arsantel. 10.08.31' alt='' \/><\/a> <a href=\"https:\/\/ollesskomakeri.se\/wp-content\/uploads\/2021\/06\/arsante.-10.09.25.png\" href=\"600\" href=\"618\" href=\"\" href=\"https:\/\/ollesskomakeri.se\/wp-content\/uploads\/2021\/06\/arsante.-10.09.25.png 600w, https:\/\/ollesskomakeri.se\/wp-content\/uploads\/2021\/06\/arsante.-10.09.25-291x300.png 291w, https:\/\/ollesskomakeri.se\/wp-content\/uploads\/2021\/06\/arsante.-10.09.25-36x36.png 36w\" href=\"(max-width: 600px) 100vw, 600px\" data-rel='gallery-1' data-prev-img='https:\/\/ollesskomakeri.se\/wp-content\/uploads\/2021\/06\/arsante.-10.09.25.png' class='lightbox ' data-onclick='2' title='arsante. 10.09.25'  itemprop=\"thumbnailUrl\"  ><img decoding=\"async\" class=\"wp-image-3561 avia-img-lazy-loading-not-3561\"   src=\"https:\/\/ollesskomakeri.se\/wp-content\/uploads\/2021\/06\/arsante.-10.09.25-495x400.png\" width=\"495\" height=\"400\"  title='arsante. 10.09.25' alt='' \/><\/a> <a href=\"https:\/\/ollesskomakeri.se\/wp-content\/uploads\/2021\/06\/arsante.-10.08.58.png\" href=\"589\" href=\"586\" href=\"\" href=\"https:\/\/ollesskomakeri.se\/wp-content\/uploads\/2021\/06\/arsante.-10.08.58.png 589w, https:\/\/ollesskomakeri.se\/wp-content\/uploads\/2021\/06\/arsante.-10.08.58-300x298.png 300w, https:\/\/ollesskomakeri.se\/wp-content\/uploads\/2021\/06\/arsante.-10.08.58-80x80.png 80w, https:\/\/ollesskomakeri.se\/wp-content\/uploads\/2021\/06\/arsante.-10.08.58-36x36.png 36w, https:\/\/ollesskomakeri.se\/wp-content\/uploads\/2021\/06\/arsante.-10.08.58-180x180.png 180w\" href=\"(max-width: 589px) 100vw, 589px\" data-rel='gallery-1' data-prev-img='https:\/\/ollesskomakeri.se\/wp-content\/uploads\/2021\/06\/arsante.-10.08.58.png' class='lightbox ' data-onclick='3' title='arsante. 10.08.58'  itemprop=\"thumbnailUrl\"  ><img decoding=\"async\" class=\"wp-image-3562 avia-img-lazy-loading-not-3562\"   src=\"https:\/\/ollesskomakeri.se\/wp-content\/uploads\/2021\/06\/arsante.-10.08.58-495x400.png\" width=\"495\" height=\"400\"  title='arsante. 10.08.58' alt='' \/><\/a> <a href=\"https:\/\/ollesskomakeri.se\/wp-content\/uploads\/2021\/06\/arsantel.-10.08.41.png\" href=\"588\" href=\"589\" href=\"\" href=\"https:\/\/ollesskomakeri.se\/wp-content\/uploads\/2021\/06\/arsantel.-10.08.41.png 588w, https:\/\/ollesskomakeri.se\/wp-content\/uploads\/2021\/06\/arsantel.-10.08.41-300x300.png 300w, https:\/\/ollesskomakeri.se\/wp-content\/uploads\/2021\/06\/arsantel.-10.08.41-80x80.png 80w, https:\/\/ollesskomakeri.se\/wp-content\/uploads\/2021\/06\/arsantel.-10.08.41-36x36.png 36w, https:\/\/ollesskomakeri.se\/wp-content\/uploads\/2021\/06\/arsantel.-10.08.41-180x180.png 180w\" href=\"(max-width: 588px) 100vw, 588px\" data-rel='gallery-1' data-prev-img='https:\/\/ollesskomakeri.se\/wp-content\/uploads\/2021\/06\/arsantel.-10.08.41.png' class='lightbox ' data-onclick='4' title='arsantel. 10.08.41'  itemprop=\"thumbnailUrl\"  ><img decoding=\"async\" class=\"wp-image-3563 avia-img-lazy-loading-not-3563\"   src=\"https:\/\/ollesskomakeri.se\/wp-content\/uploads\/2021\/06\/arsantel.-10.08.41-495x400.png\" width=\"495\" height=\"400\"  title='arsantel. 10.08.41' alt='' \/><\/a><\/div><\/div><\/div><div  style='height:250px' class='hr hr-invisible   avia-builder-el-9  el_after_av_three_fourth  el_before_av_hr '><span class='hr-inner ' ><span class='hr-inner-style'><\/span><\/span><\/div>\n<div  style='height:250px' class='hr hr-invisible   avia-builder-el-10  el_after_av_hr  avia-builder-el-last '><span class='hr-inner ' ><span class='hr-inner-style'><\/span><\/span><\/div>\n<\/div><\/div><\/div><!-- close content main div --><\/div><\/div><div id='after_section_2'  class='main_color av_default_container_wrap container_wrap sidebar_right' style=' '  ><div class='container' ><div class='template-page content  av-content-small alpha units'><div class='post-entry post-entry-type-page post-entry-3559'><div class='entry-content-wrapper clearfix'>\n","protected":false},"excerpt":{"rendered":"","protected":false},"author":2,"featured_media":0,"parent":3422,"menu_order":0,"comment_status":"closed","ping_status":"closed","template":"","meta":{"footnotes":""},"class_list":["post-3559","page","type-page","status-publish","hentry"],"_links":{"self":[{"href":"https:\/\/ollesskomakeri.se\/index.php\/wp-json\/wp\/v2\/pages\/3559","targetHints":{"allow":["GET"]}}],"collection":[{"href":"https:\/\/ollesskomakeri.se\/index.php\/wp-json\/wp\/v2\/pages"}],"about":[{"href":"https:\/\/ollesskomakeri.se\/index.php\/wp-json\/wp\/v2\/types\/page"}],"author":[{"embeddable":true,"href":"https:\/\/ollesskomakeri.se\/index.php\/wp-json\/wp\/v2\/users\/2"}],"replies":[{"embeddable":true,"href":"https:\/\/ollesskomakeri.se\/index.php\/wp-json\/wp\/v2\/comments?post=3559"}],"version-history":[{"count":2,"href":"https:\/\/ollesskomakeri.se\/index.php\/wp-json\/wp\/v2\/pages\/3559\/revisions"}],"predecessor-version":[{"id":3567,"href":"https:\/\/ollesskomakeri.se\/index.php\/wp-json\/wp\/v2\/pages\/3559\/revisions\/3567"}],"up":[{"embeddable":true,"href":"https:\/\/ollesskomakeri.se\/index.php\/wp-json\/wp\/v2\/pages\/3422"}],"wp:attachment":[{"href":"https:\/\/ollesskomakeri.se\/index.php\/wp-json\/wp\/v2\/media?parent=3559"}],"curies":[{"name":"wp","href":"https:\/\/api.w.org\/{rel}","templated":true}]}}