{"id":3568,"date":"2021-06-10T10:45:12","date_gmt":"2021-06-10T08:45:12","guid":{"rendered":"https:\/\/ollesskomakeri.se\/?page_id=3568"},"modified":"2021-07-01T12:50:25","modified_gmt":"2021-07-01T10:50:25","slug":"birkenstock","status":"publish","type":"page","link":"https:\/\/ollesskomakeri.se\/index.php\/3422-2\/birkenstock\/","title":{"rendered":"Birkenstock"},"content":{"rendered":"<div id='av_section_1'  class='avia-section main_color avia-section-small avia-no-shadow  avia-bg-style-scroll  avia-builder-el-0  el_before_av_section  avia-builder-el-first   container_wrap sidebar_right' style=' '  ><div class='container' ><main  role=\"main\" itemprop=\"mainContentOfPage\"  class='template-page content  av-content-small alpha units'><div class='post-entry post-entry-type-page post-entry-3568'><div class='entry-content-wrapper clearfix'>\n<div class=\"flex_column av_two_fifth  flex_column_div av-zero-column-padding first  avia-builder-el-1  el_before_av_two_fifth  avia-builder-el-first  \" style='border-radius:0px; '><p><div  style='padding-bottom:10px; ' class='av-special-heading av-special-heading-h1  blockquote modern-quote  avia-builder-el-2  el_before_av_textblock  avia-builder-el-first  '><h1 class='av-special-heading-tag '  itemprop=\"headline\"  >Birkenstock<\/h1><div class='special-heading-border'><div class='special-heading-inner-border' ><\/div><\/div><\/div><br \/>\n<section class=\"av_textblock_section \"  itemscope=\"itemscope\" itemtype=\"https:\/\/schema.org\/CreativeWork\" ><div class='avia_textblock  '   itemprop=\"text\" ><div id=\"pu3615-13\" class=\"clearfix colelem\">\n<div id=\"u3615-13\" class=\"clearfix grpelem\" data-muse-uid=\"U3615\" data-muse-type=\"txt_frame\" data-ibe-flags=\"txtStyleSrc\">\n<p><a class=\"nonblock\" href=\"https:\/\/arsante.com\">Nu har vi Birkenstock i butiken.<\/a><\/p>\n<p>Sagan om Birkenstock b\u00f6rjar \u00e5r 1774 d\u00e5 Johann Adam Birkenstock \u00f6vertog ett gammalt skomakeri. \u00c5r 1896 noteras att Konrad Birkenstock, d\u00e5 \u00e4gare till tv\u00e5 stora skoaff\u00e4rer med ortopedservice i Tyskland, reste runt och f\u00f6rel\u00e4ste om sina revolutionerande id\u00e9er om ortopedi och anatomi. <a class=\"nonblock\" href=\"http:\/\/www.birkenstock.se\" target=\"_blank\" rel=\"noopener\">L\u00e4s mer om Birkenstock H\u00c4R <\/a><\/p>\n<p>Titta in i butiken och prova.<\/p>\n<\/div>\n<\/div>\n<\/div><\/section><\/p><\/div><div class=\"flex_column av_two_fifth  flex_column_div av-zero-column-padding   avia-builder-el-4  el_after_av_two_fifth  avia-builder-el-last  \" style='border-radius:0px; '><div  class='avia-image-container  av-styling-    avia-builder-el-5  avia-builder-el-no-sibling  avia-align-center '  itemprop=\"image\" itemscope=\"itemscope\" itemtype=\"https:\/\/schema.org\/ImageObject\"  ><div class='avia-image-container-inner'><div class='avia-image-overlay-wrap'><img decoding=\"async\" class='wp-image-3569 avia-img-lazy-loading-not-3569 avia_image' src=\"https:\/\/ollesskomakeri.se\/wp-content\/uploads\/2021\/06\/Birkenstockl.-10.37.59-300x75.png\" alt='' title='Birkenstockl. 10.37.59' height=\"75\" width=\"300\"  itemprop=\"thumbnailUrl\" srcset=\"https:\/\/ollesskomakeri.se\/wp-content\/uploads\/2021\/06\/Birkenstockl.-10.37.59-300x75.png 300w, https:\/\/ollesskomakeri.se\/wp-content\/uploads\/2021\/06\/Birkenstockl.-10.37.59.png 342w\" sizes=\"(max-width: 300px) 100vw, 300px\" \/><\/div><\/div><\/div><\/div>\n\n<\/div><\/div><\/main><!-- close content main element --><\/div><\/div><div id='av_section_2'  class='avia-section main_color avia-section-small avia-no-shadow  avia-bg-style-scroll  avia-builder-el-6  el_after_av_section  avia-builder-el-last   container_wrap sidebar_right' style='background-color: #d6d6d6;  '  ><div class='container' ><div class='template-page content  av-content-small alpha units'><div class='post-entry post-entry-type-page post-entry-3568'><div class='entry-content-wrapper clearfix'>\n<div class=\"flex_column av_three_fourth  flex_column_div av-zero-column-padding first  avia-builder-el-7  el_before_av_hr  avia-builder-el-first  \" style='border-radius:0px; '><div  class='avia-gallery  avia-gallery-1 avia_lazyload avia-gallery-animate avia_animate_when_visible  avia-builder-el-8  avia-builder-el-no-sibling '  itemprop=\"image\" itemscope=\"itemscope\" itemtype=\"https:\/\/schema.org\/ImageObject\" ><a class='avia-gallery-big fakeLightbox lightbox avia-gallery-big-crop-thumb ' href=\"https:\/\/ollesskomakeri.se\/wp-content\/uploads\/2021\/07\/image_Birkenstock-Olles-skomakeri-scaled-e1625136660564-1030x872.jpg\" href=\"1030\" href=\"872\" href=\"1\" href=\"https:\/\/ollesskomakeri.se\/wp-content\/uploads\/2021\/07\/image_Birkenstock-Olles-skomakeri-scaled-e1625136660564-1030x872.jpg 1030w, https:\/\/ollesskomakeri.se\/wp-content\/uploads\/2021\/07\/image_Birkenstock-Olles-skomakeri-scaled-e1625136660564-300x254.jpg 300w, https:\/\/ollesskomakeri.se\/wp-content\/uploads\/2021\/07\/image_Birkenstock-Olles-skomakeri-scaled-e1625136660564-768x650.jpg 768w, https:\/\/ollesskomakeri.se\/wp-content\/uploads\/2021\/07\/image_Birkenstock-Olles-skomakeri-scaled-e1625136660564-1536x1300.jpg 1536w, https:\/\/ollesskomakeri.se\/wp-content\/uploads\/2021\/07\/image_Birkenstock-Olles-skomakeri-scaled-e1625136660564-1500x1270.jpg 1500w, https:\/\/ollesskomakeri.se\/wp-content\/uploads\/2021\/07\/image_Birkenstock-Olles-skomakeri-scaled-e1625136660564-705x597.jpg 705w, https:\/\/ollesskomakeri.se\/wp-content\/uploads\/2021\/07\/image_Birkenstock-Olles-skomakeri-scaled-e1625136660564.jpg 1920w\" href=\"(max-width: 1030px) 100vw, 1030px\"  data-onclick='1' title='image_Birkenstock Olles skomakeri' ><span class='avia-gallery-big-inner'  itemprop=\"thumbnailUrl\" ><img decoding=\"async\" class=\"wp-image-3619 avia-img-lazy-loading-not-3619\"  width=\"1920\" height=\"1625\" src=\"https:\/\/ollesskomakeri.se\/wp-content\/uploads\/2021\/07\/image_Birkenstock-Olles-skomakeri-scaled-e1625136660564.jpg\" title='image_Birkenstock Olles skomakeri' alt='' srcset=\"https:\/\/ollesskomakeri.se\/wp-content\/uploads\/2021\/07\/image_Birkenstock-Olles-skomakeri-scaled-e1625136660564.jpg 1920w, https:\/\/ollesskomakeri.se\/wp-content\/uploads\/2021\/07\/image_Birkenstock-Olles-skomakeri-scaled-e1625136660564-300x254.jpg 300w, https:\/\/ollesskomakeri.se\/wp-content\/uploads\/2021\/07\/image_Birkenstock-Olles-skomakeri-scaled-e1625136660564-1030x872.jpg 1030w, https:\/\/ollesskomakeri.se\/wp-content\/uploads\/2021\/07\/image_Birkenstock-Olles-skomakeri-scaled-e1625136660564-768x650.jpg 768w, https:\/\/ollesskomakeri.se\/wp-content\/uploads\/2021\/07\/image_Birkenstock-Olles-skomakeri-scaled-e1625136660564-1536x1300.jpg 1536w, https:\/\/ollesskomakeri.se\/wp-content\/uploads\/2021\/07\/image_Birkenstock-Olles-skomakeri-scaled-e1625136660564-1500x1270.jpg 1500w, https:\/\/ollesskomakeri.se\/wp-content\/uploads\/2021\/07\/image_Birkenstock-Olles-skomakeri-scaled-e1625136660564-705x597.jpg 705w\" sizes=\"(max-width: 1920px) 100vw, 1920px\" \/><\/span><\/a><div class='avia-gallery-thumb'> <a href=\"https:\/\/ollesskomakeri.se\/wp-content\/uploads\/2021\/07\/image_Birkenstock-Olles-skomakeri-scaled-e1625136660564-1030x872.jpg\" href=\"1030\" href=\"872\" href=\"1\" href=\"https:\/\/ollesskomakeri.se\/wp-content\/uploads\/2021\/07\/image_Birkenstock-Olles-skomakeri-scaled-e1625136660564-1030x872.jpg 1030w, https:\/\/ollesskomakeri.se\/wp-content\/uploads\/2021\/07\/image_Birkenstock-Olles-skomakeri-scaled-e1625136660564-300x254.jpg 300w, https:\/\/ollesskomakeri.se\/wp-content\/uploads\/2021\/07\/image_Birkenstock-Olles-skomakeri-scaled-e1625136660564-768x650.jpg 768w, https:\/\/ollesskomakeri.se\/wp-content\/uploads\/2021\/07\/image_Birkenstock-Olles-skomakeri-scaled-e1625136660564-1536x1300.jpg 1536w, https:\/\/ollesskomakeri.se\/wp-content\/uploads\/2021\/07\/image_Birkenstock-Olles-skomakeri-scaled-e1625136660564-1500x1270.jpg 1500w, https:\/\/ollesskomakeri.se\/wp-content\/uploads\/2021\/07\/image_Birkenstock-Olles-skomakeri-scaled-e1625136660564-705x597.jpg 705w, https:\/\/ollesskomakeri.se\/wp-content\/uploads\/2021\/07\/image_Birkenstock-Olles-skomakeri-scaled-e1625136660564.jpg 1920w\" href=\"(max-width: 1030px) 100vw, 1030px\" data-rel='gallery-1' data-prev-img='https:\/\/ollesskomakeri.se\/wp-content\/uploads\/2021\/07\/image_Birkenstock-Olles-skomakeri-scaled-e1625136660564.jpg' class='first_thumb lightbox ' data-onclick='1' title='image_Birkenstock Olles skomakeri'  itemprop=\"thumbnailUrl\"  ><img decoding=\"async\" class=\"wp-image-3619 avia-img-lazy-loading-not-3619\"   src=\"https:\/\/ollesskomakeri.se\/wp-content\/uploads\/2021\/07\/image_Birkenstock-Olles-skomakeri-scaled-e1625136660564-495x400.jpg\" width=\"495\" height=\"400\"  title='image_Birkenstock Olles skomakeri' alt='' srcset=\"https:\/\/ollesskomakeri.se\/wp-content\/uploads\/2021\/07\/image_Birkenstock-Olles-skomakeri-scaled-e1625136660564-495x400.jpg 495w, https:\/\/ollesskomakeri.se\/wp-content\/uploads\/2021\/07\/image_Birkenstock-Olles-skomakeri-scaled-e1625136660564-845x684.jpg 845w\" sizes=\"(max-width: 495px) 100vw, 495px\" \/><\/a> <a href=\"https:\/\/ollesskomakeri.se\/wp-content\/uploads\/2021\/06\/olles-skomakeri-birkenstockl.-10.43.10.png\" href=\"787\" href=\"464\" href=\"\" href=\"https:\/\/ollesskomakeri.se\/wp-content\/uploads\/2021\/06\/olles-skomakeri-birkenstockl.-10.43.10.png 787w, https:\/\/ollesskomakeri.se\/wp-content\/uploads\/2021\/06\/olles-skomakeri-birkenstockl.-10.43.10-300x177.png 300w, https:\/\/ollesskomakeri.se\/wp-content\/uploads\/2021\/06\/olles-skomakeri-birkenstockl.-10.43.10-768x453.png 768w, https:\/\/ollesskomakeri.se\/wp-content\/uploads\/2021\/06\/olles-skomakeri-birkenstockl.-10.43.10-705x416.png 705w\" href=\"(max-width: 787px) 100vw, 787px\" data-rel='gallery-1' data-prev-img='https:\/\/ollesskomakeri.se\/wp-content\/uploads\/2021\/06\/olles-skomakeri-birkenstockl.-10.43.10.png' class='lightbox ' data-onclick='2' title='olles skomakeri birkenstockl. 10.43.10'  itemprop=\"thumbnailUrl\"  ><img decoding=\"async\" class=\"wp-image-3574 avia-img-lazy-loading-not-3574\"   src=\"https:\/\/ollesskomakeri.se\/wp-content\/uploads\/2021\/06\/olles-skomakeri-birkenstockl.-10.43.10-495x400.png\" width=\"495\" height=\"400\"  title='olles skomakeri birkenstockl. 10.43.10' alt='' \/><\/a> <a href=\"https:\/\/ollesskomakeri.se\/wp-content\/uploads\/2021\/06\/olles-skomakeri-birkenstockl.-10.42.45.png\" href=\"775\" href=\"442\" href=\"\" href=\"https:\/\/ollesskomakeri.se\/wp-content\/uploads\/2021\/06\/olles-skomakeri-birkenstockl.-10.42.45.png 775w, https:\/\/ollesskomakeri.se\/wp-content\/uploads\/2021\/06\/olles-skomakeri-birkenstockl.-10.42.45-300x171.png 300w, https:\/\/ollesskomakeri.se\/wp-content\/uploads\/2021\/06\/olles-skomakeri-birkenstockl.-10.42.45-768x438.png 768w, https:\/\/ollesskomakeri.se\/wp-content\/uploads\/2021\/06\/olles-skomakeri-birkenstockl.-10.42.45-705x402.png 705w\" href=\"(max-width: 775px) 100vw, 775px\" data-rel='gallery-1' data-prev-img='https:\/\/ollesskomakeri.se\/wp-content\/uploads\/2021\/06\/olles-skomakeri-birkenstockl.-10.42.45.png' class='lightbox ' data-onclick='3' title='olles skomakeri birkenstockl. 10.42.45'  itemprop=\"thumbnailUrl\"  ><img decoding=\"async\" class=\"wp-image-3575 avia-img-lazy-loading-not-3575\"   src=\"https:\/\/ollesskomakeri.se\/wp-content\/uploads\/2021\/06\/olles-skomakeri-birkenstockl.-10.42.45-495x400.png\" width=\"495\" height=\"400\"  title='olles skomakeri birkenstockl. 10.42.45' alt='' \/><\/a> <a href=\"https:\/\/ollesskomakeri.se\/wp-content\/uploads\/2021\/06\/olles-skomakeri-birkenstock.-10.42.29.png\" href=\"755\" href=\"305\" href=\"\" href=\"https:\/\/ollesskomakeri.se\/wp-content\/uploads\/2021\/06\/olles-skomakeri-birkenstock.-10.42.29.png 755w, https:\/\/ollesskomakeri.se\/wp-content\/uploads\/2021\/06\/olles-skomakeri-birkenstock.-10.42.29-300x121.png 300w, https:\/\/ollesskomakeri.se\/wp-content\/uploads\/2021\/06\/olles-skomakeri-birkenstock.-10.42.29-705x285.png 705w\" href=\"(max-width: 755px) 100vw, 755px\" data-rel='gallery-1' data-prev-img='https:\/\/ollesskomakeri.se\/wp-content\/uploads\/2021\/06\/olles-skomakeri-birkenstock.-10.42.29.png' class='lightbox ' data-onclick='4' title='olles skomakeri birkenstock. 10.42.29'  itemprop=\"thumbnailUrl\"  ><img decoding=\"async\" class=\"wp-image-3576 avia-img-lazy-loading-not-3576\"   src=\"https:\/\/ollesskomakeri.se\/wp-content\/uploads\/2021\/06\/olles-skomakeri-birkenstock.-10.42.29-495x305.png\" width=\"495\" height=\"305\"  title='olles skomakeri birkenstock. 10.42.29' alt='' \/><\/a> <a href=\"https:\/\/ollesskomakeri.se\/wp-content\/uploads\/2021\/07\/image_Birkenstock_inla\u0308gg_olles-skomakeri-773x1030.jpg\" href=\"773\" href=\"1030\" href=\"1\" href=\"https:\/\/ollesskomakeri.se\/wp-content\/uploads\/2021\/07\/image_Birkenstock_inla\u0308gg_olles-skomakeri-773x1030.jpg 773w, https:\/\/ollesskomakeri.se\/wp-content\/uploads\/2021\/07\/image_Birkenstock_inla\u0308gg_olles-skomakeri-225x300.jpg 225w, https:\/\/ollesskomakeri.se\/wp-content\/uploads\/2021\/07\/image_Birkenstock_inla\u0308gg_olles-skomakeri-768x1024.jpg 768w, https:\/\/ollesskomakeri.se\/wp-content\/uploads\/2021\/07\/image_Birkenstock_inla\u0308gg_olles-skomakeri-1152x1536.jpg 1152w, https:\/\/ollesskomakeri.se\/wp-content\/uploads\/2021\/07\/image_Birkenstock_inla\u0308gg_olles-skomakeri-1536x2048.jpg 1536w, https:\/\/ollesskomakeri.se\/wp-content\/uploads\/2021\/07\/image_Birkenstock_inla\u0308gg_olles-skomakeri-1125x1500.jpg 1125w, https:\/\/ollesskomakeri.se\/wp-content\/uploads\/2021\/07\/image_Birkenstock_inla\u0308gg_olles-skomakeri-529x705.jpg 529w, https:\/\/ollesskomakeri.se\/wp-content\/uploads\/2021\/07\/image_Birkenstock_inla\u0308gg_olles-skomakeri-scaled.jpg 1920w\" href=\"(max-width: 773px) 100vw, 773px\" data-rel='gallery-1' data-prev-img='https:\/\/ollesskomakeri.se\/wp-content\/uploads\/2021\/07\/image_Birkenstock_inla\u0308gg_olles-skomakeri-scaled.jpg' class='lightbox ' data-onclick='5' title='image_Birkenstock_inla\u0308gg_olles skomakeri'  itemprop=\"thumbnailUrl\"  ><img decoding=\"async\" class=\"wp-image-3618 avia-img-lazy-loading-not-3618\"   src=\"https:\/\/ollesskomakeri.se\/wp-content\/uploads\/2021\/07\/image_Birkenstock_inla\u0308gg_olles-skomakeri-495x400.jpg\" width=\"495\" height=\"400\"  title='image_Birkenstock_inla\u0308gg_olles skomakeri' alt='' srcset=\"https:\/\/ollesskomakeri.se\/wp-content\/uploads\/2021\/07\/image_Birkenstock_inla\u0308gg_olles-skomakeri-495x400.jpg 495w, https:\/\/ollesskomakeri.se\/wp-content\/uploads\/2021\/07\/image_Birkenstock_inla\u0308gg_olles-skomakeri-845x684.jpg 845w\" sizes=\"(max-width: 495px) 100vw, 495px\" \/><\/a><\/div><\/div><\/div><div  style='height:250px' class='hr hr-invisible   avia-builder-el-9  el_after_av_three_fourth  el_before_av_hr '><span class='hr-inner ' ><span class='hr-inner-style'><\/span><\/span><\/div>\n<div  style='height:250px' class='hr hr-invisible   avia-builder-el-10  el_after_av_hr  avia-builder-el-last '><span class='hr-inner ' ><span class='hr-inner-style'><\/span><\/span><\/div>\n<\/div><\/div><\/div><!-- close content main div --><\/div><\/div><div id='after_section_2'  class='main_color av_default_container_wrap container_wrap sidebar_right' style=' '  ><div class='container' ><div class='template-page content  av-content-small alpha units'><div class='post-entry post-entry-type-page post-entry-3568'><div class='entry-content-wrapper clearfix'>\n","protected":false},"excerpt":{"rendered":"","protected":false},"author":2,"featured_media":0,"parent":3422,"menu_order":0,"comment_status":"closed","ping_status":"closed","template":"","meta":{"footnotes":""},"class_list":["post-3568","page","type-page","status-publish","hentry"],"_links":{"self":[{"href":"https:\/\/ollesskomakeri.se\/index.php\/wp-json\/wp\/v2\/pages\/3568","targetHints":{"allow":["GET"]}}],"collection":[{"href":"https:\/\/ollesskomakeri.se\/index.php\/wp-json\/wp\/v2\/pages"}],"about":[{"href":"https:\/\/ollesskomakeri.se\/index.php\/wp-json\/wp\/v2\/types\/page"}],"author":[{"embeddable":true,"href":"https:\/\/ollesskomakeri.se\/index.php\/wp-json\/wp\/v2\/users\/2"}],"replies":[{"embeddable":true,"href":"https:\/\/ollesskomakeri.se\/index.php\/wp-json\/wp\/v2\/comments?post=3568"}],"version-history":[{"count":2,"href":"https:\/\/ollesskomakeri.se\/index.php\/wp-json\/wp\/v2\/pages\/3568\/revisions"}],"predecessor-version":[{"id":3620,"href":"https:\/\/ollesskomakeri.se\/index.php\/wp-json\/wp\/v2\/pages\/3568\/revisions\/3620"}],"up":[{"embeddable":true,"href":"https:\/\/ollesskomakeri.se\/index.php\/wp-json\/wp\/v2\/pages\/3422"}],"wp:attachment":[{"href":"https:\/\/ollesskomakeri.se\/index.php\/wp-json\/wp\/v2\/media?parent=3568"}],"curies":[{"name":"wp","href":"https:\/\/api.w.org\/{rel}","templated":true}]}}